{"id":37442,"date":"2025-09-24T15:30:31","date_gmt":"2025-09-24T13:30:31","guid":{"rendered":"https:\/\/sewingheartdesign.com\/?post_type=product&#038;p=37442"},"modified":"2025-10-28T08:50:16","modified_gmt":"2025-10-28T07:50:16","slug":"vaskhandtag-metallkedja-silver-60cm","status":"publish","type":"product","link":"https:\/\/sewingheartdesign.com\/en\/produkt\/vaskhandtag-metallkedja-silver-60cm\/","title":{"rendered":"V\u00e4skhandtag, metallkedja, silver (60cm)"},"content":{"rendered":"<p>V\u00e4skhandtag med metallkedja. Axelrem och hakar av stark metall. Till lilla aftonv\u00e4skan eller en snygg v\u00e4skrem till handv\u00e4skan. G\u00e5r \u00e4ven att anv\u00e4nd som stark nyckelkedja f\u00f6r att enkelt hitta nycklarna i v\u00e4skan eller h\u00e5lla dom i s\u00e4kert f\u00f6rvar.<\/p>\n<p>Den perfekta kombinationen av stil och funktionalitet. Det \u00e4r l\u00e4tt att f\u00e4sta p\u00e5 de flesta v\u00e4skor, vilket g\u00f6r det enkelt att skapa en personlig och trendig look p\u00e5 nolltid.<\/p>\n","protected":false},"excerpt":{"rendered":"<p>Uppgradera din v\u00e4ska stilfullt med v\u00e5r axelrem i metall. Ett enkelt s\u00e4tt att addera lyx och trend till din look. Den perfekta kombinationen av stil och funktionalitet<\/p>\n","protected":false},"featured_media":35893,"template":"","meta":[],"product_cat":[522048307],"product_tag":[522048350,522048330,522048351,522048326],"class_list":{"0":"post-37442","1":"product","2":"type-product","3":"status-publish","4":"has-post-thumbnail","6":"product_cat-grupperade-produkter","7":"product_tag-metallkedja","8":"product_tag-vaska","9":"product_tag-vaskrem","10":"product_tag-vasktillbehor","12":"first","13":"instock","14":"taxable","15":"shipping-taxable","16":"purchasable","17":"product-type-simple"},"_links":{"self":[{"href":"https:\/\/sewingheartdesign.com\/en\/wp-json\/wp\/v2\/product\/37442"}],"collection":[{"href":"https:\/\/sewingheartdesign.com\/en\/wp-json\/wp\/v2\/product"}],"about":[{"href":"https:\/\/sewingheartdesign.com\/en\/wp-json\/wp\/v2\/types\/product"}],"wp:featuredmedia":[{"embeddable":true,"href":"https:\/\/sewingheartdesign.com\/en\/wp-json\/wp\/v2\/media\/35893"}],"wp:attachment":[{"href":"https:\/\/sewingheartdesign.com\/en\/wp-json\/wp\/v2\/media?parent=37442"}],"wp:term":[{"taxonomy":"product_cat","embeddable":true,"href":"https:\/\/sewingheartdesign.com\/en\/wp-json\/wp\/v2\/product_cat?post=37442"},{"taxonomy":"product_tag","embeddable":true,"href":"https:\/\/sewingheartdesign.com\/en\/wp-json\/wp\/v2\/product_tag?post=37442"}],"curies":[{"name":"wp","href":"https:\/\/api.w.org\/{rel}","templated":true}]}}