{"id":37433,"date":"2025-09-24T15:05:33","date_gmt":"2025-09-24T13:05:33","guid":{"rendered":"https:\/\/sewingheartdesign.com\/?post_type=product&#038;p=37433"},"modified":"2025-09-24T15:10:07","modified_gmt":"2025-09-24T13:10:07","slug":"vasktillbehor-silver","status":"publish","type":"product","link":"https:\/\/sewingheartdesign.com\/en\/produkt\/vasktillbehor-silver\/","title":{"rendered":"Silver"},"content":{"rendered":"<p>Beh\u00f6r i metall f\u00f6r att anv\u00e4ndas p\u00e5 v\u00e4skor, accessoarer, mm.<\/p>\n<p>F\u00e4rg: Silver<\/p>\n","protected":false},"excerpt":{"rendered":"<p>Beh\u00f6r i metall f\u00f6r att anv\u00e4ndas p\u00e5 v\u00e4skor, accessoarer, mm.<\/p>\n","protected":false},"featured_media":36030,"template":"","meta":[],"product_cat":[522048209],"product_tag":[522048332,522048329,522048233,522048330,522048326],"class_list":{"0":"post-37433","1":"product","2":"type-product","3":"status-publish","4":"has-post-thumbnail","6":"product_cat-vaskor","7":"product_tag-justerbar-rektangel","8":"product_tag-rektangel","9":"product_tag-silver","10":"product_tag-vaska","11":"product_tag-vasktillbehor","13":"first","14":"instock","15":"taxable","16":"shipping-taxable","17":"purchasable","18":"product-type-woosg"},"_links":{"self":[{"href":"https:\/\/sewingheartdesign.com\/en\/wp-json\/wp\/v2\/product\/37433"}],"collection":[{"href":"https:\/\/sewingheartdesign.com\/en\/wp-json\/wp\/v2\/product"}],"about":[{"href":"https:\/\/sewingheartdesign.com\/en\/wp-json\/wp\/v2\/types\/product"}],"wp:featuredmedia":[{"embeddable":true,"href":"https:\/\/sewingheartdesign.com\/en\/wp-json\/wp\/v2\/media\/36030"}],"wp:attachment":[{"href":"https:\/\/sewingheartdesign.com\/en\/wp-json\/wp\/v2\/media?parent=37433"}],"wp:term":[{"taxonomy":"product_cat","embeddable":true,"href":"https:\/\/sewingheartdesign.com\/en\/wp-json\/wp\/v2\/product_cat?post=37433"},{"taxonomy":"product_tag","embeddable":true,"href":"https:\/\/sewingheartdesign.com\/en\/wp-json\/wp\/v2\/product_tag?post=37433"}],"curies":[{"name":"wp","href":"https:\/\/api.w.org\/{rel}","templated":true}]}}