{"id":37430,"date":"2025-09-24T14:52:00","date_gmt":"2025-09-24T12:52:00","guid":{"rendered":"https:\/\/sewingheartdesign.com\/?post_type=product&#038;p=37430"},"modified":"2026-01-03T10:24:20","modified_gmt":"2026-01-03T09:24:20","slug":"tvavagsdragkedja-gunblack-strl-5","status":"publish","type":"product","link":"https:\/\/sewingheartdesign.com\/en\/product\/tvavagsdragkedja-gunblack-strl-5\/","title":{"rendered":"Gunblack, strl 5"},"content":{"rendered":"<p>TV\u00c5 METODER F\u00d6R ATT BYTA UT PINNE P\u00c5 DRAGKEDJA<\/p>\n<p>MED TAPE<br \/>\n1. V\u00e4rm en platt t\u00e5ng<br \/>\n2. Kl\u00e4m ihop tapen<br \/>\n3. Klipp bort \u00f6verfl\u00f6det<br \/>\n4. V\u00e4rm kanten f\u00f6r att ta bort ev fnas<br \/>\n5. Lite superlim p\u00e5 kanten<br \/>\n6. Stoppa dit pinnen<br \/>\n7. Kl\u00e4m ihop kanten p\u00e5 pinnen med en t\u00e5ng<\/p>\n<p>UTAN TAPE<br \/>\n1. Lite superlim p\u00e5 kanten<br \/>\n2. Stoppa dit pinnen<br \/>\n3. Kl\u00e4m ihop kanten p\u00e5 pinnen med en t\u00e5ng<\/p>\n","protected":false},"excerpt":{"rendered":"<p>Metall\u00e5s f\u00f6r tv\u00e5v\u00e4gs dragkedja f\u00f6r reparation.<\/p>\n<p>Storlek: nr 5<br \/>\nL\u00e4ngd: 15 mm<\/p>\n","protected":false},"featured_media":37416,"template":"","meta":[],"product_cat":[522048307],"product_tag":[],"class_list":{"0":"post-37430","1":"product","2":"type-product","3":"status-publish","4":"has-post-thumbnail","6":"product_cat-grupperade-produkter","8":"first","9":"instock","10":"taxable","11":"shipping-taxable","12":"purchasable","13":"product-type-simple"},"_links":{"self":[{"href":"https:\/\/sewingheartdesign.com\/en\/wp-json\/wp\/v2\/product\/37430"}],"collection":[{"href":"https:\/\/sewingheartdesign.com\/en\/wp-json\/wp\/v2\/product"}],"about":[{"href":"https:\/\/sewingheartdesign.com\/en\/wp-json\/wp\/v2\/types\/product"}],"wp:featuredmedia":[{"embeddable":true,"href":"https:\/\/sewingheartdesign.com\/en\/wp-json\/wp\/v2\/media\/37416"}],"wp:attachment":[{"href":"https:\/\/sewingheartdesign.com\/en\/wp-json\/wp\/v2\/media?parent=37430"}],"wp:term":[{"taxonomy":"product_cat","embeddable":true,"href":"https:\/\/sewingheartdesign.com\/en\/wp-json\/wp\/v2\/product_cat?post=37430"},{"taxonomy":"product_tag","embeddable":true,"href":"https:\/\/sewingheartdesign.com\/en\/wp-json\/wp\/v2\/product_tag?post=37430"}],"curies":[{"name":"wp","href":"https:\/\/api.w.org\/{rel}","templated":true}]}}