{"id":37266,"date":"2025-06-28T14:23:18","date_gmt":"2025-06-28T12:23:18","guid":{"rendered":"https:\/\/sewingheartdesign.com\/?post_type=product&#038;p=37266"},"modified":"2025-06-28T17:29:43","modified_gmt":"2025-06-28T15:29:43","slug":"storlekslappar","status":"publish","type":"product","link":"https:\/\/sewingheartdesign.com\/en\/produkt\/storlekslappar\/","title":{"rendered":"Storlekslappar"},"content":{"rendered":"<p data-start=\"377\" data-end=\"537\"><strong data-start=\"377\" data-end=\"386\">M\u00e5tt:<\/strong> ca 1,2 \u00d7 3 cm<br data-start=\"400\" data-end=\"403\" \/><strong data-start=\"403\" data-end=\"416\">Material:<\/strong> 100 % bomull<br data-start=\"429\" data-end=\"432\" \/><strong data-start=\"432\" data-end=\"441\">F\u00e4rg:<\/strong> Vit bakgrund med svarta bokst\u00e4ver<br data-start=\"475\" data-end=\"478\" \/><strong data-start=\"478\" data-end=\"493\">Egenskaper:<\/strong> Mjuka, h\u00e5llbara och l\u00e4tta att sy in i plagg<\/p>\n","protected":false},"excerpt":{"rendered":"<p data-start=\"72\" data-end=\"122\"><strong data-start=\"72\" data-end=\"122\">Storlekslappar i bomull \u2013 med svarta bokst\u00e4ver<\/strong><\/p>\n<p data-start=\"124\" data-end=\"375\">Praktiska och stilrena storlekslappar tillverkade i mjuk bomull. Etiketterna har tydlig svart text som g\u00f6r det enkelt att se storleken, samtidigt som de \u00e4r skonsamma mot huden \u2013 perfekt f\u00f6r barn- och babykl\u00e4der eller andra plagg d\u00e4r komfort \u00e4r viktig.<\/p>\n<p>Passar b\u00e5de hemmabruk och sm\u00e5skalig produktion av handgjorda kl\u00e4der.<\/p>\n<p><strong>Storlek:<\/strong> ca 1,2 cm x 3 cm<br \/>\n<strong>Antal:<\/strong> 10 st<\/p>\n","protected":false},"featured_media":37274,"template":"","meta":[],"product_cat":[522048101,522048112,522048001],"product_tag":[],"class_list":{"0":"post-37266","1":"product","2":"type-product","3":"status-publish","4":"has-post-thumbnail","6":"product_cat-nyheter","7":"product_cat-tags","8":"product_cat-tygtags","10":"first","11":"instock","12":"taxable","13":"shipping-taxable","14":"purchasable","15":"product-type-variable"},"_links":{"self":[{"href":"https:\/\/sewingheartdesign.com\/en\/wp-json\/wp\/v2\/product\/37266"}],"collection":[{"href":"https:\/\/sewingheartdesign.com\/en\/wp-json\/wp\/v2\/product"}],"about":[{"href":"https:\/\/sewingheartdesign.com\/en\/wp-json\/wp\/v2\/types\/product"}],"wp:featuredmedia":[{"embeddable":true,"href":"https:\/\/sewingheartdesign.com\/en\/wp-json\/wp\/v2\/media\/37274"}],"wp:attachment":[{"href":"https:\/\/sewingheartdesign.com\/en\/wp-json\/wp\/v2\/media?parent=37266"}],"wp:term":[{"taxonomy":"product_cat","embeddable":true,"href":"https:\/\/sewingheartdesign.com\/en\/wp-json\/wp\/v2\/product_cat?post=37266"},{"taxonomy":"product_tag","embeddable":true,"href":"https:\/\/sewingheartdesign.com\/en\/wp-json\/wp\/v2\/product_tag?post=37266"}],"curies":[{"name":"wp","href":"https:\/\/api.w.org\/{rel}","templated":true}]}}