{"id":37163,"date":"2025-04-23T09:54:52","date_gmt":"2025-04-23T07:54:52","guid":{"rendered":"https:\/\/sewingheartdesign.com\/?post_type=product&#038;p=37163"},"modified":"2025-10-28T14:41:50","modified_gmt":"2025-10-28T13:41:50","slug":"extra-adapterplatta","status":"publish","type":"product","link":"https:\/\/sewingheartdesign.com\/en\/produkt\/extra-adapterplatta\/","title":{"rendered":"Extra adapterplatta"},"content":{"rendered":"<p>Extra adapterplatta f\u00f6r att montera den universala bandkantarh\u00e5llaren p\u00e5 flera t\u00e4cks\u00f6mmaskiner. Passar tex Brother, Babylock, Juki, Bernina, Singer mfl.<\/p>\n<p>&nbsp;<\/p>\n<p><strong>Anv\u00e4nds till:<\/strong> universal bandkantarh\u00e5llare<\/p>\n<p><strong>Ing\u00e5r:<\/strong> 1 adapterplatta<\/p>\n<p><strong>Passar till:<\/strong> Brother, Babylock, Juki, Bernina, Singer mfl.<\/p>\n<p>&nbsp;<\/p>\n<p>OBS! Bandkantare \/universal bandkantarh\u00e5llare ing\u00e5r ej.<\/p>\n","protected":false},"excerpt":{"rendered":"<p>Extra platta till universal bandkantarh\u00e5llare. F\u00f6r att enklare byta mellan olika symaskiner.<\/p>\n<p>OBS! Bandkantare \/universal bandkantarh\u00e5llare ing\u00e5r ej.<\/p>\n","protected":false},"featured_media":37338,"template":"","meta":[],"product_cat":[522047846],"product_tag":[],"class_list":{"0":"post-37163","1":"product","2":"type-product","3":"status-publish","4":"has-post-thumbnail","6":"product_cat-bandkantare","8":"first","9":"instock","10":"taxable","11":"shipping-taxable","12":"purchasable","13":"product-type-simple"},"_links":{"self":[{"href":"https:\/\/sewingheartdesign.com\/en\/wp-json\/wp\/v2\/product\/37163"}],"collection":[{"href":"https:\/\/sewingheartdesign.com\/en\/wp-json\/wp\/v2\/product"}],"about":[{"href":"https:\/\/sewingheartdesign.com\/en\/wp-json\/wp\/v2\/types\/product"}],"wp:featuredmedia":[{"embeddable":true,"href":"https:\/\/sewingheartdesign.com\/en\/wp-json\/wp\/v2\/media\/37338"}],"wp:attachment":[{"href":"https:\/\/sewingheartdesign.com\/en\/wp-json\/wp\/v2\/media?parent=37163"}],"wp:term":[{"taxonomy":"product_cat","embeddable":true,"href":"https:\/\/sewingheartdesign.com\/en\/wp-json\/wp\/v2\/product_cat?post=37163"},{"taxonomy":"product_tag","embeddable":true,"href":"https:\/\/sewingheartdesign.com\/en\/wp-json\/wp\/v2\/product_tag?post=37163"}],"curies":[{"name":"wp","href":"https:\/\/api.w.org\/{rel}","templated":true}]}}