{"id":36974,"date":"2024-12-04T15:12:46","date_gmt":"2024-12-04T14:12:46","guid":{"rendered":"https:\/\/sewingheartdesign.com\/?post_type=product&#038;p=36974"},"modified":"2026-03-15T19:14:11","modified_gmt":"2026-03-15T18:14:11","slug":"dragare-till-dragkedja-orange","status":"publish","type":"product","link":"https:\/\/sewingheartdesign.com\/en\/product\/dragare-till-dragkedja-orange\/","title":{"rendered":"Dragare till dragkedja, orange"},"content":{"rendered":"<p>Snygg dragare f\u00f6r dragkedjan med en lite str\u00e4v yta f\u00f6r b\u00e4sta grepp.<\/p>\n<p>M\u00e4rk upp dina bagage, v\u00e4skor, jackor mm<\/p>\n","protected":false},"excerpt":{"rendered":"<p>Snygg dragare f\u00f6r dragkedjan med en lite str\u00e4v yta f\u00f6r b\u00e4sta grepp. Perfekt hj\u00e4lp f\u00f6r sm\u00e5 eller stora h\u00e4nder.<br \/>\nM\u00e4rk upp dina bagage, v\u00e4skor, jackor mm<\/p>\n<p>L\u00e4ngd h\u00e5llare: 25 x 9 mm<br \/>\nL\u00e4ngd totalt: 65 mm<\/p>\n","protected":false},"featured_media":28809,"template":"","meta":[],"product_cat":[522048307],"product_tag":[],"class_list":{"0":"post-36974","1":"product","2":"type-product","3":"status-publish","4":"has-post-thumbnail","6":"product_cat-grupperade-produkter","8":"first","9":"instock","10":"taxable","11":"shipping-taxable","12":"purchasable","13":"product-type-simple"},"_links":{"self":[{"href":"https:\/\/sewingheartdesign.com\/en\/wp-json\/wp\/v2\/product\/36974"}],"collection":[{"href":"https:\/\/sewingheartdesign.com\/en\/wp-json\/wp\/v2\/product"}],"about":[{"href":"https:\/\/sewingheartdesign.com\/en\/wp-json\/wp\/v2\/types\/product"}],"wp:featuredmedia":[{"embeddable":true,"href":"https:\/\/sewingheartdesign.com\/en\/wp-json\/wp\/v2\/media\/28809"}],"wp:attachment":[{"href":"https:\/\/sewingheartdesign.com\/en\/wp-json\/wp\/v2\/media?parent=36974"}],"wp:term":[{"taxonomy":"product_cat","embeddable":true,"href":"https:\/\/sewingheartdesign.com\/en\/wp-json\/wp\/v2\/product_cat?post=36974"},{"taxonomy":"product_tag","embeddable":true,"href":"https:\/\/sewingheartdesign.com\/en\/wp-json\/wp\/v2\/product_tag?post=36974"}],"curies":[{"name":"wp","href":"https:\/\/api.w.org\/{rel}","templated":true}]}}