{"id":36788,"date":"2024-10-28T13:24:52","date_gmt":"2024-10-28T12:24:52","guid":{"rendered":"https:\/\/sewingheartdesign.com\/?post_type=product&#038;p=36788"},"modified":"2026-03-28T20:39:12","modified_gmt":"2026-03-28T19:39:12","slug":"snordragare","status":"publish","type":"product","link":"https:\/\/sewingheartdesign.com\/en\/produkt\/snordragare\/","title":{"rendered":"Sn\u00f6rdragare"},"content":{"rendered":"<p>Hj\u00e4lpmedel f\u00f6r att enkelt dra i sn\u00f6re eller res\u00e5r i kanal p\u00e5 byxor, jackor, huvtr\u00f6jor, v\u00e4skor mm<\/p>\n<p>L\u00e4ngd: 57cm<br \/>\nF\u00e4rg: Rosa<\/p>\n","protected":false},"excerpt":{"rendered":"<p>Dra i sn\u00f6re eller res\u00e5r enkelt med den h\u00e4r smidiga sn\u00f6rdragaren.<\/p>\n<p>F\u00e4rg: Rosa<\/p>\n","protected":false},"featured_media":36799,"template":"","meta":[],"product_cat":[522048101,522047895,522048125,522048260,522048124,522048119,522048120,522048121],"product_tag":[],"class_list":{"0":"post-36788","1":"product","2":"type-product","3":"status-publish","4":"has-post-thumbnail","6":"product_cat-nyheter","7":"product_cat-ovrigt","8":"product_cat-hoodband","9":"product_cat-resar","10":"product_cat-satinband","11":"product_cat-snore-3mm","12":"product_cat-snore-7mm","13":"product_cat-snore-10mm","15":"first","16":"instock","17":"taxable","18":"shipping-taxable","19":"purchasable","20":"product-type-simple"},"_links":{"self":[{"href":"https:\/\/sewingheartdesign.com\/en\/wp-json\/wp\/v2\/product\/36788"}],"collection":[{"href":"https:\/\/sewingheartdesign.com\/en\/wp-json\/wp\/v2\/product"}],"about":[{"href":"https:\/\/sewingheartdesign.com\/en\/wp-json\/wp\/v2\/types\/product"}],"wp:featuredmedia":[{"embeddable":true,"href":"https:\/\/sewingheartdesign.com\/en\/wp-json\/wp\/v2\/media\/36799"}],"wp:attachment":[{"href":"https:\/\/sewingheartdesign.com\/en\/wp-json\/wp\/v2\/media?parent=36788"}],"wp:term":[{"taxonomy":"product_cat","embeddable":true,"href":"https:\/\/sewingheartdesign.com\/en\/wp-json\/wp\/v2\/product_cat?post=36788"},{"taxonomy":"product_tag","embeddable":true,"href":"https:\/\/sewingheartdesign.com\/en\/wp-json\/wp\/v2\/product_tag?post=36788"}],"curies":[{"name":"wp","href":"https:\/\/api.w.org\/{rel}","templated":true}]}}