{"id":36756,"date":"2024-10-26T11:40:27","date_gmt":"2024-10-26T09:40:27","guid":{"rendered":"https:\/\/sewingheartdesign.com\/?post_type=product&#038;p=36756"},"modified":"2024-10-30T19:24:10","modified_gmt":"2024-10-30T18:24:10","slug":"knappress-rosa-2sort","status":"publish","type":"product","link":"https:\/\/sewingheartdesign.com\/en\/produkt\/knappress-rosa-2sort\/","title":{"rendered":"Knappress Rosa (2:sort)"},"content":{"rendered":"<p>Sluta f\u00f6rst\u00f6r h\u00e4nderna med knappt\u00e5ngen och njut av att knappa med den h\u00e4r sk\u00f6nheten i h\u00f6gblank rosa \ud83d\ude09<\/p>\n<p>Knappress f\u00f6r att montera tryckknappar p\u00e5 plagg, trycka fast \u00f6ljetter mm.<\/p>\n<p>K\u00f6p till pedal-kit om du k\u00e4nner f\u00f6r att kunna knappa \u00e4nnu smidigare och enklare. Fortare g\u00e5r det ocks\u00e5!<\/p>\n<p><strong>Retur\/\u00e5terk\u00f6p p\u00e5 2:sort pga skador medges ej<\/strong><\/p>\n<p>OBS! Tryckknappar \/ pluppar \/ pressverktyg ing\u00e5r ej.<\/p>\n","protected":false},"excerpt":{"rendered":"<p><span style=\"font-weight: 400;\">OBS! Dessa pressar har n\u00e5gon lackskada pga knockat ihop under transport. Skadorna \u00e4r olika stora men p\u00e5verkar inte funktionen av pressen.<\/span><\/p>\n<p>Retur\/\u00e5terk\u00f6p p\u00e5 2:sort pga skador medges ej<\/p>\n","protected":false},"featured_media":566,"template":"","meta":[],"product_cat":[522047877,522048217],"product_tag":[],"class_list":{"0":"post-36756","1":"product","2":"type-product","3":"status-publish","4":"has-post-thumbnail","6":"product_cat-modell93","7":"product_cat-pressar","9":"first","10":"outofstock","11":"taxable","12":"shipping-taxable","13":"purchasable","14":"product-type-simple"},"_links":{"self":[{"href":"https:\/\/sewingheartdesign.com\/en\/wp-json\/wp\/v2\/product\/36756"}],"collection":[{"href":"https:\/\/sewingheartdesign.com\/en\/wp-json\/wp\/v2\/product"}],"about":[{"href":"https:\/\/sewingheartdesign.com\/en\/wp-json\/wp\/v2\/types\/product"}],"wp:featuredmedia":[{"embeddable":true,"href":"https:\/\/sewingheartdesign.com\/en\/wp-json\/wp\/v2\/media\/566"}],"wp:attachment":[{"href":"https:\/\/sewingheartdesign.com\/en\/wp-json\/wp\/v2\/media?parent=36756"}],"wp:term":[{"taxonomy":"product_cat","embeddable":true,"href":"https:\/\/sewingheartdesign.com\/en\/wp-json\/wp\/v2\/product_cat?post=36756"},{"taxonomy":"product_tag","embeddable":true,"href":"https:\/\/sewingheartdesign.com\/en\/wp-json\/wp\/v2\/product_tag?post=36756"}],"curies":[{"name":"wp","href":"https:\/\/api.w.org\/{rel}","templated":true}]}}