{"id":36692,"date":"2024-10-11T11:03:53","date_gmt":"2024-10-11T09:03:53","guid":{"rendered":"https:\/\/sewingheartdesign.com\/?post_type=product&#038;p=36692"},"modified":"2024-10-27T08:53:43","modified_gmt":"2024-10-27T07:53:43","slug":"spolhallare","status":"publish","type":"product","link":"https:\/\/sewingheartdesign.com\/en\/product\/spolhallare\/","title":{"rendered":"Spolh\u00e5llare"},"content":{"rendered":"<p>H\u00e5ll koll p\u00e5 matchande tr\u00e5d och spole. Inget mer trassel eller letande efter r\u00e4tt spole. Anv\u00e4nd pincettgreppet l\u00e4ngst ner och h\u00e5ll fast tr\u00e5d\u00e4ndarna innan den s\u00e4tts fast p\u00e5 tr\u00e5drullen.<\/p>\n<p>H\u00e5llare f\u00f6r tr\u00e5drulle och spole. Tr\u00e4 p\u00e5 en spole p\u00e5 en tr\u00e5drulle.<\/p>\n<p>Storlek: 6.8&#215;1.7cm<br \/>\nAntal: 10 st<br \/>\nBlandade f\u00e4rger<\/p>\n","protected":false},"excerpt":{"rendered":"<p>H\u00e5ll koll p\u00e5 matchande tr\u00e5d och spole. Inget mer trassel eller letande efter r\u00e4tt spole. Anv\u00e4nd pincettgreppet l\u00e4ngst ner och h\u00e5ll fast tr\u00e5d\u00e4ndarna innan den s\u00e4tts fast p\u00e5 tr\u00e5drullen.<\/p>\n<p>Antal: 10 st<\/p>\n<p>Blandade f\u00e4rger<\/p>\n","protected":false},"featured_media":36701,"template":"","meta":[],"product_cat":[522048101,522047895],"product_tag":[],"class_list":{"0":"post-36692","1":"product","2":"type-product","3":"status-publish","4":"has-post-thumbnail","6":"product_cat-nyheter","7":"product_cat-ovrigt","9":"first","10":"instock","11":"taxable","12":"shipping-taxable","13":"purchasable","14":"product-type-simple"},"_links":{"self":[{"href":"https:\/\/sewingheartdesign.com\/en\/wp-json\/wp\/v2\/product\/36692"}],"collection":[{"href":"https:\/\/sewingheartdesign.com\/en\/wp-json\/wp\/v2\/product"}],"about":[{"href":"https:\/\/sewingheartdesign.com\/en\/wp-json\/wp\/v2\/types\/product"}],"wp:featuredmedia":[{"embeddable":true,"href":"https:\/\/sewingheartdesign.com\/en\/wp-json\/wp\/v2\/media\/36701"}],"wp:attachment":[{"href":"https:\/\/sewingheartdesign.com\/en\/wp-json\/wp\/v2\/media?parent=36692"}],"wp:term":[{"taxonomy":"product_cat","embeddable":true,"href":"https:\/\/sewingheartdesign.com\/en\/wp-json\/wp\/v2\/product_cat?post=36692"},{"taxonomy":"product_tag","embeddable":true,"href":"https:\/\/sewingheartdesign.com\/en\/wp-json\/wp\/v2\/product_tag?post=36692"}],"curies":[{"name":"wp","href":"https:\/\/api.w.org\/{rel}","templated":true}]}}