{"id":36630,"date":"2024-09-27T11:33:13","date_gmt":"2024-09-27T09:33:13","guid":{"rendered":"https:\/\/sewingheartdesign.com\/?post_type=product&#038;p=36630"},"modified":"2026-02-02T16:16:26","modified_gmt":"2026-02-02T15:16:26","slug":"markeringshjalp-for-somsman","status":"publish","type":"product","link":"https:\/\/sewingheartdesign.com\/en\/produkt\/markeringshjalp-for-somsman\/","title":{"rendered":"Markeringshj\u00e4lp f\u00f6r s\u00f6msm\u00e5n"},"content":{"rendered":"<p>Markeringshj\u00e4lp f\u00f6r s\u00f6msm\u00e5n. S\u00e4tt papperet i sk\u00e5ran p\u00e5 brickan. Rita med pennan i h\u00e5let i mitten. Fyra storlekar ing\u00e5r.<br \/>\nStorlekar: 3, 5, 7, 10mm<\/p>\n","protected":false},"excerpt":{"rendered":"<p>Markeringshj\u00e4lp f\u00f6r s\u00f6msm\u00e5n. S\u00e4tt papperet i sk\u00e5ran p\u00e5 brickan. Rita med pennan i h\u00e5let i mitten. Fyra storlekar ing\u00e5r.<br \/>\nStorlekar: 3, 5, 7, 10mm<\/p>\n","protected":false},"featured_media":36633,"template":"","meta":[],"product_cat":[522048319,522047950,522047966,522047874,522047970,522047968,522047971,522047969,522047967,522047965,522048101,522047895],"product_tag":[],"class_list":{"0":"post-36630","1":"product","2":"type-product","3":"status-publish","4":"has-post-thumbnail","6":"product_cat-damunder","7":"product_cat-monster","8":"product_cat-barnmonster","9":"product_cat-dammonster","10":"product_cat-gravid","11":"product_cat-dambottom","12":"product_cat-kjol","13":"product_cat-damvavt","14":"product_cat-damtop","15":"product_cat-herrmonster","16":"product_cat-nyheter","17":"product_cat-ovrigt","19":"first","20":"outofstock","21":"taxable","22":"shipping-taxable","23":"purchasable","24":"product-type-simple"},"_links":{"self":[{"href":"https:\/\/sewingheartdesign.com\/en\/wp-json\/wp\/v2\/product\/36630"}],"collection":[{"href":"https:\/\/sewingheartdesign.com\/en\/wp-json\/wp\/v2\/product"}],"about":[{"href":"https:\/\/sewingheartdesign.com\/en\/wp-json\/wp\/v2\/types\/product"}],"wp:featuredmedia":[{"embeddable":true,"href":"https:\/\/sewingheartdesign.com\/en\/wp-json\/wp\/v2\/media\/36633"}],"wp:attachment":[{"href":"https:\/\/sewingheartdesign.com\/en\/wp-json\/wp\/v2\/media?parent=36630"}],"wp:term":[{"taxonomy":"product_cat","embeddable":true,"href":"https:\/\/sewingheartdesign.com\/en\/wp-json\/wp\/v2\/product_cat?post=36630"},{"taxonomy":"product_tag","embeddable":true,"href":"https:\/\/sewingheartdesign.com\/en\/wp-json\/wp\/v2\/product_tag?post=36630"}],"curies":[{"name":"wp","href":"https:\/\/api.w.org\/{rel}","templated":true}]}}