{"id":3628,"date":"2019-05-24T21:49:43","date_gmt":"2019-05-24T19:49:43","guid":{"rendered":"https:\/\/sewingheartdesign.com\/?post_type=product&#038;p=3628"},"modified":"2021-04-29T10:17:11","modified_gmt":"2021-04-29T08:17:11","slug":"palazzo-byxor","status":"publish","type":"product","link":"https:\/\/sewingheartdesign.com\/en\/product\/palazzo-byxor\/","title":{"rendered":"Palazzo byxor"},"content":{"rendered":"<p><span style=\"font-weight: 400;\"><b>Byxor. Storlek 32 &#8211; 60<\/b><\/span><\/p>\n<p><em><span class=\"_5-jo\" data-ft=\"{&quot;tn&quot;:&quot;*s&quot;}\">Sommarens sk\u00f6naste byxor \u00e4r ocks\u00e5 riktigt snygga.<\/span><\/em><\/p>\n<p>Sk\u00f6na och svala byxor med h\u00e4rligt fladdrande ben.<br \/>\nFungerar b\u00e5de i stretchiga tyger och i v\u00e4vda tyger.<\/p>\n<p>V\u00e4lj mellan capri eller hell\u00e5nga ben. Tv\u00e5 h\u00f6jder p\u00e5 midjan. Midjemudd, midjemudd med res\u00e5r eller res\u00e5r insytt i byxan. Olika stora fickor och\/eller bakfickor.<\/p>\n<p><span style=\"font-weight: 400;\"><strong>Tyg:<\/strong> trik\u00e5, viscosetrik\u00e5, v\u00e4vt tyg.<\/span><\/p>\n<p><span style=\"font-weight: 400;\"><strong>L\u00e4ngdanpassning!<\/strong> V\u00e4lj din l\u00e4ngd p\u00e5 m\u00f6nstret f\u00f6r b\u00e4sta passform, 150-190cm.<\/span><\/p>\n<p><span style=\"font-weight: 400;\">Utm\u00e4rkt <strong>f\u00e4rgkodade<\/strong> m\u00f6nster som inneh\u00e5ller petit och plusstorlekar!<\/span><\/p>\n<p>&nbsp;<\/p>\n<p>Licensm\u00f6nster med r\u00e4tt till kommersiell f\u00f6rs\u00e4ljning av f\u00e4rdig produkt.<\/p>\n<p><em><strong>PDF-m\u00f6nster:<br \/>\n<\/strong>F\u00e5r inte kopieras, s\u00e4ljas eller sk\u00e4nkas bort. Ingen \u00e5ngerr\u00e4tt p\u00e5 digitala produkter.<\/em><em><br \/>\n<\/em>Anv\u00e4nd lager i pdf-l\u00e4saren och skriv endast ut den storlek du vill sy och klipp ut direkt.<\/p>\n","protected":false},"excerpt":{"rendered":"<p><em><span class=\"_5-jo\" data-ft=\"{&quot;tn&quot;:&quot;*s&quot;}\">Sommarens sk\u00f6naste byxor \u00e4r ocks\u00e5 riktigt snygga.<\/span><\/em><\/p>\n","protected":false},"featured_media":3540,"template":"","meta":[],"product_cat":[522047950,522047874,522047970,522047968,522047969],"product_tag":[522047960,522047933,522047938,522047940,522047942],"class_list":{"0":"post-3628","1":"product","2":"type-product","3":"status-publish","4":"has-post-thumbnail","6":"product_cat-monster","7":"product_cat-dammonster","8":"product_cat-gravid","9":"product_cat-dambottom","10":"product_cat-damvavt","11":"product_tag-byxor","12":"product_tag-dammonster","13":"product_tag-gravid","14":"product_tag-normal-passform","15":"product_tag-vavt-tyg","17":"first","18":"instock","19":"taxable","20":"shipping-taxable","21":"purchasable","22":"product-type-variable"},"_links":{"self":[{"href":"https:\/\/sewingheartdesign.com\/en\/wp-json\/wp\/v2\/product\/3628"}],"collection":[{"href":"https:\/\/sewingheartdesign.com\/en\/wp-json\/wp\/v2\/product"}],"about":[{"href":"https:\/\/sewingheartdesign.com\/en\/wp-json\/wp\/v2\/types\/product"}],"wp:featuredmedia":[{"embeddable":true,"href":"https:\/\/sewingheartdesign.com\/en\/wp-json\/wp\/v2\/media\/3540"}],"wp:attachment":[{"href":"https:\/\/sewingheartdesign.com\/en\/wp-json\/wp\/v2\/media?parent=3628"}],"wp:term":[{"taxonomy":"product_cat","embeddable":true,"href":"https:\/\/sewingheartdesign.com\/en\/wp-json\/wp\/v2\/product_cat?post=3628"},{"taxonomy":"product_tag","embeddable":true,"href":"https:\/\/sewingheartdesign.com\/en\/wp-json\/wp\/v2\/product_tag?post=3628"}],"curies":[{"name":"wp","href":"https:\/\/api.w.org\/{rel}","templated":true}]}}