{"id":36064,"date":"2024-01-08T20:59:12","date_gmt":"2024-01-08T19:59:12","guid":{"rendered":"https:\/\/sewingheartdesign.com\/?post_type=product&#038;p=36064"},"modified":"2024-10-11T10:00:30","modified_gmt":"2024-10-11T08:00:30","slug":"faste-for-rem-sma","status":"publish","type":"product","link":"https:\/\/sewingheartdesign.com\/en\/product\/faste-for-rem-sma\/","title":{"rendered":"F\u00e4ste f\u00f6r rem, sm\u00e5"},"content":{"rendered":"<p>F\u00e4ste f\u00f6r rem. Sys fast runt kanten.<br \/>\nD-ring och nit i antikf\u00e4rgad metall.<\/p>\n<p>Storlek: 13x34mm<\/p>\n<p>Antal: 2 st<\/p>\n","protected":false},"excerpt":{"rendered":"<p>V\u00e4sktillbeh\u00f6r i svart l\u00e4derimitation och detaljer av antikf\u00e4rgad metall.<\/p>\n","protected":false},"featured_media":36094,"template":"","meta":[],"product_cat":[522048101,522048209],"product_tag":[],"class_list":{"0":"post-36064","1":"product","2":"type-product","3":"status-publish","4":"has-post-thumbnail","6":"product_cat-nyheter","7":"product_cat-vaskor","9":"first","10":"instock","11":"taxable","12":"shipping-taxable","13":"purchasable","14":"product-type-simple"},"_links":{"self":[{"href":"https:\/\/sewingheartdesign.com\/en\/wp-json\/wp\/v2\/product\/36064"}],"collection":[{"href":"https:\/\/sewingheartdesign.com\/en\/wp-json\/wp\/v2\/product"}],"about":[{"href":"https:\/\/sewingheartdesign.com\/en\/wp-json\/wp\/v2\/types\/product"}],"wp:featuredmedia":[{"embeddable":true,"href":"https:\/\/sewingheartdesign.com\/en\/wp-json\/wp\/v2\/media\/36094"}],"wp:attachment":[{"href":"https:\/\/sewingheartdesign.com\/en\/wp-json\/wp\/v2\/media?parent=36064"}],"wp:term":[{"taxonomy":"product_cat","embeddable":true,"href":"https:\/\/sewingheartdesign.com\/en\/wp-json\/wp\/v2\/product_cat?post=36064"},{"taxonomy":"product_tag","embeddable":true,"href":"https:\/\/sewingheartdesign.com\/en\/wp-json\/wp\/v2\/product_tag?post=36064"}],"curies":[{"name":"wp","href":"https:\/\/api.w.org\/{rel}","templated":true}]}}