{"id":36060,"date":"2024-01-08T20:46:25","date_gmt":"2024-01-08T19:46:25","guid":{"rendered":"https:\/\/sewingheartdesign.com\/?post_type=product&#038;p=36060"},"modified":"2024-10-11T10:00:39","modified_gmt":"2024-10-11T08:00:39","slug":"faste-for-rem","status":"publish","type":"product","link":"https:\/\/sewingheartdesign.com\/en\/produkt\/faste-for-rem\/","title":{"rendered":"F\u00e4ste f\u00f6r rem"},"content":{"rendered":"<p>F\u00e4ste f\u00f6r rem. Sys fast runt kanten.<br \/>\nD-ring och nit i antikf\u00e4rgad metall.<\/p>\n<p>Storlek: 30x50mm<\/p>\n<p>Antal: 2st<\/p>\n","protected":false},"excerpt":{"rendered":"<p>V\u00e4sktillbeh\u00f6r i svart l\u00e4derimitation och detaljer av antikf\u00e4rgad metall.<\/p>\n","protected":false},"featured_media":36061,"template":"","meta":[],"product_cat":[522048101,522048209],"product_tag":[],"class_list":{"0":"post-36060","1":"product","2":"type-product","3":"status-publish","4":"has-post-thumbnail","6":"product_cat-nyheter","7":"product_cat-vaskor","9":"first","10":"instock","11":"taxable","12":"shipping-taxable","13":"purchasable","14":"product-type-simple"},"_links":{"self":[{"href":"https:\/\/sewingheartdesign.com\/en\/wp-json\/wp\/v2\/product\/36060"}],"collection":[{"href":"https:\/\/sewingheartdesign.com\/en\/wp-json\/wp\/v2\/product"}],"about":[{"href":"https:\/\/sewingheartdesign.com\/en\/wp-json\/wp\/v2\/types\/product"}],"wp:featuredmedia":[{"embeddable":true,"href":"https:\/\/sewingheartdesign.com\/en\/wp-json\/wp\/v2\/media\/36061"}],"wp:attachment":[{"href":"https:\/\/sewingheartdesign.com\/en\/wp-json\/wp\/v2\/media?parent=36060"}],"wp:term":[{"taxonomy":"product_cat","embeddable":true,"href":"https:\/\/sewingheartdesign.com\/en\/wp-json\/wp\/v2\/product_cat?post=36060"},{"taxonomy":"product_tag","embeddable":true,"href":"https:\/\/sewingheartdesign.com\/en\/wp-json\/wp\/v2\/product_tag?post=36060"}],"curies":[{"name":"wp","href":"https:\/\/api.w.org\/{rel}","templated":true}]}}