{"id":36050,"date":"2024-01-08T16:58:24","date_gmt":"2024-01-08T15:58:24","guid":{"rendered":"https:\/\/sewingheartdesign.com\/?post_type=product&#038;p=36050"},"modified":"2026-02-03T22:12:30","modified_gmt":"2026-02-03T21:12:30","slug":"hake-32mm-guld","status":"publish","type":"product","link":"https:\/\/sewingheartdesign.com\/en\/produkt\/hake-32mm-guld\/","title":{"rendered":"Hake, 32mm, guld"},"content":{"rendered":"<p>Hake f\u00f6r att anv\u00e4ndas p\u00e5 v\u00e4skor, accessoarer, mm.<\/p>\n<p>Metall. Guld.<\/p>\n<p>Storlek: 32mm<\/p>\n","protected":false},"excerpt":{"rendered":"<p>Hake i metall f\u00f6r att anv\u00e4ndas p\u00e5 v\u00e4skor, accessoarer, mm.<\/p>\n","protected":false},"featured_media":36040,"template":"","meta":[],"product_cat":[522048307],"product_tag":[522048235,522048331,522048330,522048326],"class_list":{"0":"post-36050","1":"product","2":"type-product","3":"status-publish","4":"has-post-thumbnail","6":"product_cat-grupperade-produkter","7":"product_tag-guld","8":"product_tag-hake","9":"product_tag-vaska","10":"product_tag-vasktillbehor","12":"first","13":"instock","14":"taxable","15":"shipping-taxable","16":"purchasable","17":"product-type-simple"},"_links":{"self":[{"href":"https:\/\/sewingheartdesign.com\/en\/wp-json\/wp\/v2\/product\/36050"}],"collection":[{"href":"https:\/\/sewingheartdesign.com\/en\/wp-json\/wp\/v2\/product"}],"about":[{"href":"https:\/\/sewingheartdesign.com\/en\/wp-json\/wp\/v2\/types\/product"}],"wp:featuredmedia":[{"embeddable":true,"href":"https:\/\/sewingheartdesign.com\/en\/wp-json\/wp\/v2\/media\/36040"}],"wp:attachment":[{"href":"https:\/\/sewingheartdesign.com\/en\/wp-json\/wp\/v2\/media?parent=36050"}],"wp:term":[{"taxonomy":"product_cat","embeddable":true,"href":"https:\/\/sewingheartdesign.com\/en\/wp-json\/wp\/v2\/product_cat?post=36050"},{"taxonomy":"product_tag","embeddable":true,"href":"https:\/\/sewingheartdesign.com\/en\/wp-json\/wp\/v2\/product_tag?post=36050"}],"curies":[{"name":"wp","href":"https:\/\/api.w.org\/{rel}","templated":true}]}}