{"id":36039,"date":"2024-01-08T16:50:40","date_gmt":"2024-01-08T15:50:40","guid":{"rendered":"https:\/\/sewingheartdesign.com\/?post_type=product&#038;p=36039"},"modified":"2026-04-03T20:44:57","modified_gmt":"2026-04-03T18:44:57","slug":"d-ring-20mm-guld","status":"publish","type":"product","link":"https:\/\/sewingheartdesign.com\/en\/produkt\/d-ring-20mm-guld\/","title":{"rendered":"D-ring, 20mm, guld"},"content":{"rendered":"<p>D-ring f\u00f6r att anv\u00e4ndas p\u00e5 v\u00e4skor, accessoarer, mm.<\/p>\n<p>Metall. Guld.<\/p>\n<p>Storlek: 20mm<\/p>\n","protected":false},"excerpt":{"rendered":"<p>D-ring i metall f\u00f6r att anv\u00e4ndas p\u00e5 v\u00e4skor, accessoarer, mm.<\/p>\n","protected":false},"featured_media":36042,"template":"","meta":[],"product_cat":[522048307],"product_tag":[522048328,522048235,522048330,522048326],"class_list":{"0":"post-36039","1":"product","2":"type-product","3":"status-publish","4":"has-post-thumbnail","6":"product_cat-grupperade-produkter","7":"product_tag-d-ring","8":"product_tag-guld","9":"product_tag-vaska","10":"product_tag-vasktillbehor","12":"first","13":"instock","14":"taxable","15":"shipping-taxable","16":"purchasable","17":"product-type-simple"},"_links":{"self":[{"href":"https:\/\/sewingheartdesign.com\/en\/wp-json\/wp\/v2\/product\/36039"}],"collection":[{"href":"https:\/\/sewingheartdesign.com\/en\/wp-json\/wp\/v2\/product"}],"about":[{"href":"https:\/\/sewingheartdesign.com\/en\/wp-json\/wp\/v2\/types\/product"}],"wp:featuredmedia":[{"embeddable":true,"href":"https:\/\/sewingheartdesign.com\/en\/wp-json\/wp\/v2\/media\/36042"}],"wp:attachment":[{"href":"https:\/\/sewingheartdesign.com\/en\/wp-json\/wp\/v2\/media?parent=36039"}],"wp:term":[{"taxonomy":"product_cat","embeddable":true,"href":"https:\/\/sewingheartdesign.com\/en\/wp-json\/wp\/v2\/product_cat?post=36039"},{"taxonomy":"product_tag","embeddable":true,"href":"https:\/\/sewingheartdesign.com\/en\/wp-json\/wp\/v2\/product_tag?post=36039"}],"curies":[{"name":"wp","href":"https:\/\/api.w.org\/{rel}","templated":true}]}}