{"id":36026,"date":"2024-01-08T16:41:59","date_gmt":"2024-01-08T15:41:59","guid":{"rendered":"https:\/\/sewingheartdesign.com\/?post_type=product&#038;p=36026"},"modified":"2025-10-27T12:10:01","modified_gmt":"2025-10-27T11:10:01","slug":"justerbar-rektangel-32mm-silver","status":"publish","type":"product","link":"https:\/\/sewingheartdesign.com\/en\/produkt\/justerbar-rektangel-32mm-silver\/","title":{"rendered":"Justerbar rektangel, 32mm, silver"},"content":{"rendered":"<p>Justerbar rektangel f\u00f6r att anv\u00e4ndas p\u00e5 v\u00e4skor, accessoarer, mm.<\/p>\n<p>Metall. Silver.<\/p>\n<p>Storlek: 32mm<\/p>\n","protected":false},"excerpt":{"rendered":"<p>Justerbar rektangel i metall f\u00f6r att anv\u00e4ndas p\u00e5 v\u00e4skor, accessoarer, mm.<\/p>\n","protected":false},"featured_media":36036,"template":"","meta":[],"product_cat":[522048307],"product_tag":[522048332,522048329,522048233,522048330,522048326],"class_list":{"0":"post-36026","1":"product","2":"type-product","3":"status-publish","4":"has-post-thumbnail","6":"product_cat-grupperade-produkter","7":"product_tag-justerbar-rektangel","8":"product_tag-rektangel","9":"product_tag-silver","10":"product_tag-vaska","11":"product_tag-vasktillbehor","13":"first","14":"instock","15":"taxable","16":"shipping-taxable","17":"purchasable","18":"product-type-simple"},"_links":{"self":[{"href":"https:\/\/sewingheartdesign.com\/en\/wp-json\/wp\/v2\/product\/36026"}],"collection":[{"href":"https:\/\/sewingheartdesign.com\/en\/wp-json\/wp\/v2\/product"}],"about":[{"href":"https:\/\/sewingheartdesign.com\/en\/wp-json\/wp\/v2\/types\/product"}],"wp:featuredmedia":[{"embeddable":true,"href":"https:\/\/sewingheartdesign.com\/en\/wp-json\/wp\/v2\/media\/36036"}],"wp:attachment":[{"href":"https:\/\/sewingheartdesign.com\/en\/wp-json\/wp\/v2\/media?parent=36026"}],"wp:term":[{"taxonomy":"product_cat","embeddable":true,"href":"https:\/\/sewingheartdesign.com\/en\/wp-json\/wp\/v2\/product_cat?post=36026"},{"taxonomy":"product_tag","embeddable":true,"href":"https:\/\/sewingheartdesign.com\/en\/wp-json\/wp\/v2\/product_tag?post=36026"}],"curies":[{"name":"wp","href":"https:\/\/api.w.org\/{rel}","templated":true}]}}