{"id":36025,"date":"2024-01-08T16:41:57","date_gmt":"2024-01-08T15:41:57","guid":{"rendered":"https:\/\/sewingheartdesign.com\/?post_type=product&#038;p=36025"},"modified":"2025-10-27T12:10:01","modified_gmt":"2025-10-27T11:10:01","slug":"rektangel-32mm-silver","status":"publish","type":"product","link":"https:\/\/sewingheartdesign.com\/en\/produkt\/rektangel-32mm-silver\/","title":{"rendered":"Rektangel, 32mm, silver"},"content":{"rendered":"<p>Rektangel f\u00f6r att anv\u00e4ndas p\u00e5 v\u00e4skor, accessoarer, mm.<\/p>\n<p>Metall. Silver.<\/p>\n<p>Storlek: 32mm<\/p>\n","protected":false},"excerpt":{"rendered":"<p>Rektangel i metall f\u00f6r att anv\u00e4ndas p\u00e5 v\u00e4skor, accessoarer, mm.<\/p>\n","protected":false},"featured_media":36028,"template":"","meta":[],"product_cat":[522048307],"product_tag":[522048329,522048233,522048330,522048326],"class_list":{"0":"post-36025","1":"product","2":"type-product","3":"status-publish","4":"has-post-thumbnail","6":"product_cat-grupperade-produkter","7":"product_tag-rektangel","8":"product_tag-silver","9":"product_tag-vaska","10":"product_tag-vasktillbehor","12":"first","13":"instock","14":"taxable","15":"shipping-taxable","16":"purchasable","17":"product-type-simple"},"_links":{"self":[{"href":"https:\/\/sewingheartdesign.com\/en\/wp-json\/wp\/v2\/product\/36025"}],"collection":[{"href":"https:\/\/sewingheartdesign.com\/en\/wp-json\/wp\/v2\/product"}],"about":[{"href":"https:\/\/sewingheartdesign.com\/en\/wp-json\/wp\/v2\/types\/product"}],"wp:featuredmedia":[{"embeddable":true,"href":"https:\/\/sewingheartdesign.com\/en\/wp-json\/wp\/v2\/media\/36028"}],"wp:attachment":[{"href":"https:\/\/sewingheartdesign.com\/en\/wp-json\/wp\/v2\/media?parent=36025"}],"wp:term":[{"taxonomy":"product_cat","embeddable":true,"href":"https:\/\/sewingheartdesign.com\/en\/wp-json\/wp\/v2\/product_cat?post=36025"},{"taxonomy":"product_tag","embeddable":true,"href":"https:\/\/sewingheartdesign.com\/en\/wp-json\/wp\/v2\/product_tag?post=36025"}],"curies":[{"name":"wp","href":"https:\/\/api.w.org\/{rel}","templated":true}]}}