{"id":35990,"date":"2024-01-08T15:55:56","date_gmt":"2024-01-08T14:55:56","guid":{"rendered":"https:\/\/sewingheartdesign.com\/?post_type=product&#038;p=35990"},"modified":"2025-09-24T15:17:27","modified_gmt":"2025-09-24T13:17:27","slug":"justerbar-rektangel-32mm-antik","status":"publish","type":"product","link":"https:\/\/sewingheartdesign.com\/en\/produkt\/justerbar-rektangel-32mm-antik\/","title":{"rendered":"Justerbar rektangel, 32mm, antik"},"content":{"rendered":"<p>Justerbar rektangel f\u00f6r att anv\u00e4ndas p\u00e5 v\u00e4skor, accessoarer, mm.<\/p>\n<p>Metall. Antik m\u00e4ssing.<\/p>\n<p>Storlek: 32mm<\/p>\n","protected":false},"excerpt":{"rendered":"<p>Justerbar rektangel i metall f\u00f6r att anv\u00e4ndas p\u00e5 v\u00e4skor, accessoarer, mm.<\/p>\n","protected":false},"featured_media":36002,"template":"","meta":[],"product_cat":[522048307],"product_tag":[522048237,522048327,522048329,522048326],"class_list":{"0":"post-35990","1":"product","2":"type-product","3":"status-publish","4":"has-post-thumbnail","6":"product_cat-grupperade-produkter","7":"product_tag-antik","8":"product_tag-antik-massing","9":"product_tag-rektangel","10":"product_tag-vasktillbehor","12":"first","13":"instock","14":"taxable","15":"shipping-taxable","16":"purchasable","17":"product-type-simple"},"_links":{"self":[{"href":"https:\/\/sewingheartdesign.com\/en\/wp-json\/wp\/v2\/product\/35990"}],"collection":[{"href":"https:\/\/sewingheartdesign.com\/en\/wp-json\/wp\/v2\/product"}],"about":[{"href":"https:\/\/sewingheartdesign.com\/en\/wp-json\/wp\/v2\/types\/product"}],"wp:featuredmedia":[{"embeddable":true,"href":"https:\/\/sewingheartdesign.com\/en\/wp-json\/wp\/v2\/media\/36002"}],"wp:attachment":[{"href":"https:\/\/sewingheartdesign.com\/en\/wp-json\/wp\/v2\/media?parent=35990"}],"wp:term":[{"taxonomy":"product_cat","embeddable":true,"href":"https:\/\/sewingheartdesign.com\/en\/wp-json\/wp\/v2\/product_cat?post=35990"},{"taxonomy":"product_tag","embeddable":true,"href":"https:\/\/sewingheartdesign.com\/en\/wp-json\/wp\/v2\/product_tag?post=35990"}],"curies":[{"name":"wp","href":"https:\/\/api.w.org\/{rel}","templated":true}]}}