{"id":35884,"date":"2023-12-20T15:47:15","date_gmt":"2023-12-20T14:47:15","guid":{"rendered":"https:\/\/sewingheartdesign.com\/?post_type=product&#038;p=35884"},"modified":"2025-09-24T15:39:45","modified_gmt":"2025-09-24T13:39:45","slug":"vaskhandtag-metallkedja","status":"publish","type":"product","link":"https:\/\/sewingheartdesign.com\/en\/produkt\/vaskhandtag-metallkedja\/","title":{"rendered":"V\u00e4skhandtag, metallkedja"},"content":{"rendered":"<p>V\u00e4skhandtag med metallkedja. Kort eller l\u00e5ng axelrem och hakar av stark metall. Till lilla aftonv\u00e4skan eller en snygg l\u00e5ng v\u00e4skrem till handv\u00e4skan. G\u00e5r \u00e4ven att anv\u00e4nd som stark nyckelkedja f\u00f6r att enkelt hitta nycklarna i v\u00e4skan eller h\u00e5lla dom i s\u00e4kert f\u00f6rvar.<\/p>\n<p>Den perfekta kombinationen av stil och funktionalitet. Det \u00e4r l\u00e4tt att f\u00e4sta p\u00e5 de flesta v\u00e4skor, vilket g\u00f6r det enkelt att skapa en personlig och trendig look p\u00e5 nolltid.<\/p>\n","protected":false},"excerpt":{"rendered":"<p>Uppgradera din v\u00e4ska stilfullt med v\u00e5r axelrem i metall. Ett enkelt s\u00e4tt att addera lyx och trend till din look. Den perfekta kombinationen av stil och funktionalitet<\/p>\n","protected":false},"featured_media":35901,"template":"","meta":[],"product_cat":[522048209],"product_tag":[],"class_list":{"0":"post-35884","1":"product","2":"type-product","3":"status-publish","4":"has-post-thumbnail","6":"product_cat-vaskor","8":"first","9":"instock","10":"taxable","11":"shipping-taxable","12":"purchasable","13":"product-type-woosg"},"_links":{"self":[{"href":"https:\/\/sewingheartdesign.com\/en\/wp-json\/wp\/v2\/product\/35884"}],"collection":[{"href":"https:\/\/sewingheartdesign.com\/en\/wp-json\/wp\/v2\/product"}],"about":[{"href":"https:\/\/sewingheartdesign.com\/en\/wp-json\/wp\/v2\/types\/product"}],"wp:featuredmedia":[{"embeddable":true,"href":"https:\/\/sewingheartdesign.com\/en\/wp-json\/wp\/v2\/media\/35901"}],"wp:attachment":[{"href":"https:\/\/sewingheartdesign.com\/en\/wp-json\/wp\/v2\/media?parent=35884"}],"wp:term":[{"taxonomy":"product_cat","embeddable":true,"href":"https:\/\/sewingheartdesign.com\/en\/wp-json\/wp\/v2\/product_cat?post=35884"},{"taxonomy":"product_tag","embeddable":true,"href":"https:\/\/sewingheartdesign.com\/en\/wp-json\/wp\/v2\/product_tag?post=35884"}],"curies":[{"name":"wp","href":"https:\/\/api.w.org\/{rel}","templated":true}]}}