{"id":35864,"date":"2023-12-12T15:31:40","date_gmt":"2023-12-12T14:31:40","guid":{"rendered":"https:\/\/sewingheartdesign.com\/?post_type=product&#038;p=35864"},"modified":"2025-10-07T15:15:15","modified_gmt":"2025-10-07T13:15:15","slug":"oljett-20mm-metall-morkgra","status":"publish","type":"product","link":"https:\/\/sewingheartdesign.com\/en\/product\/oljett-20mm-metall-morkgra\/","title":{"rendered":"\u00d6ljett 20mm, metall (m\u00f6rkgr\u00e5)"},"content":{"rendered":"<p>\u00d6ljetter Inv. h\u00e5l 20 mm, utv 32 mm.<\/p>\n<p>Skapa snygga dekorationer med \u00f6ljetter och sn\u00f6ren eller bara f\u00f6r att det \u00e4r fint.<\/p>\n<p>&nbsp;<\/p>\n<p>Metall.<\/p>\n","protected":false},"excerpt":{"rendered":"<p>\u00d6ljetter Inv. h\u00e5l 20 mm, utv 32 mm.<\/p>\n","protected":false},"featured_media":35785,"template":"","meta":[],"product_cat":[522048337,522048101,522048004],"product_tag":[],"class_list":{"0":"post-35864","1":"product","2":"type-product","3":"status-publish","4":"has-post-thumbnail","6":"product_cat-oljetter-20","7":"product_cat-nyheter","8":"product_cat-oljetter","10":"first","11":"instock","12":"taxable","13":"shipping-taxable","14":"purchasable","15":"product-type-variable"},"_links":{"self":[{"href":"https:\/\/sewingheartdesign.com\/en\/wp-json\/wp\/v2\/product\/35864"}],"collection":[{"href":"https:\/\/sewingheartdesign.com\/en\/wp-json\/wp\/v2\/product"}],"about":[{"href":"https:\/\/sewingheartdesign.com\/en\/wp-json\/wp\/v2\/types\/product"}],"wp:featuredmedia":[{"embeddable":true,"href":"https:\/\/sewingheartdesign.com\/en\/wp-json\/wp\/v2\/media\/35785"}],"wp:attachment":[{"href":"https:\/\/sewingheartdesign.com\/en\/wp-json\/wp\/v2\/media?parent=35864"}],"wp:term":[{"taxonomy":"product_cat","embeddable":true,"href":"https:\/\/sewingheartdesign.com\/en\/wp-json\/wp\/v2\/product_cat?post=35864"},{"taxonomy":"product_tag","embeddable":true,"href":"https:\/\/sewingheartdesign.com\/en\/wp-json\/wp\/v2\/product_tag?post=35864"}],"curies":[{"name":"wp","href":"https:\/\/api.w.org\/{rel}","templated":true}]}}