{"id":35852,"date":"2023-12-12T15:17:39","date_gmt":"2023-12-12T14:17:39","guid":{"rendered":"https:\/\/sewingheartdesign.com\/?post_type=product&#038;p=35852"},"modified":"2024-09-13T15:49:30","modified_gmt":"2024-09-13T13:49:30","slug":"oljett-12mm-metall-morkgra","status":"publish","type":"product","link":"https:\/\/sewingheartdesign.com\/en\/product\/oljett-12mm-metall-morkgra\/","title":{"rendered":"\u00d6ljett 12mm, metall (m\u00f6rkgr\u00e5)"},"content":{"rendered":"<p>\u00d6ljetter Inv. h\u00e5l 12 mm, utv 20 mm.<\/p>\n<p>Skapa snygga dekorationer med \u00f6ljetter och sn\u00f6ren eller bara f\u00f6r att det \u00e4r fint.<\/p>\n<p>&nbsp;<\/p>\n<p>Metall.<\/p>\n","protected":false},"excerpt":{"rendered":"<p>\u00d6ljetter Inv. h\u00e5l 12 mm, utv 20 mm.<\/p>\n","protected":false},"featured_media":35799,"template":"","meta":[],"product_cat":[522048004,522048295],"product_tag":[],"class_list":{"0":"post-35852","1":"product","2":"type-product","3":"status-publish","4":"has-post-thumbnail","6":"product_cat-oljetter","7":"product_cat-oljetter-12","9":"first","10":"instock","11":"taxable","12":"shipping-taxable","13":"purchasable","14":"product-type-variable"},"_links":{"self":[{"href":"https:\/\/sewingheartdesign.com\/en\/wp-json\/wp\/v2\/product\/35852"}],"collection":[{"href":"https:\/\/sewingheartdesign.com\/en\/wp-json\/wp\/v2\/product"}],"about":[{"href":"https:\/\/sewingheartdesign.com\/en\/wp-json\/wp\/v2\/types\/product"}],"wp:featuredmedia":[{"embeddable":true,"href":"https:\/\/sewingheartdesign.com\/en\/wp-json\/wp\/v2\/media\/35799"}],"wp:attachment":[{"href":"https:\/\/sewingheartdesign.com\/en\/wp-json\/wp\/v2\/media?parent=35852"}],"wp:term":[{"taxonomy":"product_cat","embeddable":true,"href":"https:\/\/sewingheartdesign.com\/en\/wp-json\/wp\/v2\/product_cat?post=35852"},{"taxonomy":"product_tag","embeddable":true,"href":"https:\/\/sewingheartdesign.com\/en\/wp-json\/wp\/v2\/product_tag?post=35852"}],"curies":[{"name":"wp","href":"https:\/\/api.w.org\/{rel}","templated":true}]}}