{"id":35816,"date":"2023-12-12T14:55:44","date_gmt":"2023-12-12T13:55:44","guid":{"rendered":"https:\/\/sewingheartdesign.com\/?post_type=product&#038;p=35816"},"modified":"2024-09-13T15:57:30","modified_gmt":"2024-09-13T13:57:30","slug":"oljett-8mm-guld","status":"publish","type":"product","link":"https:\/\/sewingheartdesign.com\/en\/produkt\/oljett-8mm-guld\/","title":{"rendered":"\u00d6ljett 8mm guld"},"content":{"rendered":"<p>\u00d6ljetter Inv. h\u00e5l 8mm, utv h\u00e5l 14mm.<\/p>\n<p>Skapa snygga dekorationer med \u00f6ljetter och sn\u00f6ren eller bara f\u00f6r att det \u00e4r fint.<\/p>\n<p>&nbsp;<\/p>\n<p>Nickelfri metall.<\/p>\n","protected":false},"excerpt":{"rendered":"<p>\u00d6ljetter Inv. h\u00e5l 8mm, utv h\u00e5l 14mm. Skapa snygga dekorationer med \u00f6ljetter och sn\u00f6ren eller bara f\u00f6r att det \u00e4r fint. &nbsp; Nickelfri metall.<\/p>\n","protected":false},"featured_media":35809,"template":"","meta":[],"product_cat":[522048101,522048099],"product_tag":[],"class_list":{"0":"post-35816","1":"product","2":"type-product","3":"status-publish","4":"has-post-thumbnail","6":"product_cat-nyheter","7":"product_cat-oljetter-8","9":"first","10":"instock","11":"taxable","12":"shipping-taxable","13":"purchasable","14":"product-type-variable","15":"has-default-attributes"},"_links":{"self":[{"href":"https:\/\/sewingheartdesign.com\/en\/wp-json\/wp\/v2\/product\/35816"}],"collection":[{"href":"https:\/\/sewingheartdesign.com\/en\/wp-json\/wp\/v2\/product"}],"about":[{"href":"https:\/\/sewingheartdesign.com\/en\/wp-json\/wp\/v2\/types\/product"}],"wp:featuredmedia":[{"embeddable":true,"href":"https:\/\/sewingheartdesign.com\/en\/wp-json\/wp\/v2\/media\/35809"}],"wp:attachment":[{"href":"https:\/\/sewingheartdesign.com\/en\/wp-json\/wp\/v2\/media?parent=35816"}],"wp:term":[{"taxonomy":"product_cat","embeddable":true,"href":"https:\/\/sewingheartdesign.com\/en\/wp-json\/wp\/v2\/product_cat?post=35816"},{"taxonomy":"product_tag","embeddable":true,"href":"https:\/\/sewingheartdesign.com\/en\/wp-json\/wp\/v2\/product_tag?post=35816"}],"curies":[{"name":"wp","href":"https:\/\/api.w.org\/{rel}","templated":true}]}}