{"id":35766,"date":"2023-12-11T22:38:57","date_gmt":"2023-12-11T21:38:57","guid":{"rendered":"https:\/\/sewingheartdesign.com\/?post_type=product&#038;p=35766"},"modified":"2026-01-22T23:12:34","modified_gmt":"2026-01-22T22:12:34","slug":"bomullssnore-7-mm-marinbla","status":"publish","type":"product","link":"https:\/\/sewingheartdesign.com\/en\/produkt\/bomullssnore-7-mm-marinbla\/","title":{"rendered":"Bomullssn\u00f6re 7 mm marinbl\u00e5"},"content":{"rendered":"<p>Bomullssn\u00f6re 7 mm i m\u00e5nga snygga f\u00e4rger.<\/p>\n<p>Dekorera eller anv\u00e4nd f\u00f6r att knyta ihop kl\u00e4der, v\u00e4skor, skor mm<\/p>\n<p>&nbsp;<\/p>\n<p><strong>Passar till:<\/strong> 8 mm \u00f6ljett<\/p>\n","protected":false},"excerpt":{"rendered":"<p>Bomullssn\u00f6re 7 mm i m\u00e5nga snygga f\u00e4rger.<\/p>\n<p>Dekorera eller anv\u00e4nd f\u00f6r att knyta ihop kl\u00e4der, v\u00e4skor, skor mm<\/p>\n<p>S\u00e4ljs per decimeter.<\/p>\n","protected":false},"featured_media":35776,"template":"","meta":[],"product_cat":[522047983,522048120],"product_tag":[],"class_list":{"0":"post-35766","1":"product","2":"type-product","3":"status-publish","4":"has-post-thumbnail","6":"product_cat-snoren-mm","7":"product_cat-snore-7mm","9":"first","10":"instock","11":"taxable","12":"shipping-taxable","13":"purchasable","14":"product-type-simple"},"_links":{"self":[{"href":"https:\/\/sewingheartdesign.com\/en\/wp-json\/wp\/v2\/product\/35766"}],"collection":[{"href":"https:\/\/sewingheartdesign.com\/en\/wp-json\/wp\/v2\/product"}],"about":[{"href":"https:\/\/sewingheartdesign.com\/en\/wp-json\/wp\/v2\/types\/product"}],"wp:featuredmedia":[{"embeddable":true,"href":"https:\/\/sewingheartdesign.com\/en\/wp-json\/wp\/v2\/media\/35776"}],"wp:attachment":[{"href":"https:\/\/sewingheartdesign.com\/en\/wp-json\/wp\/v2\/media?parent=35766"}],"wp:term":[{"taxonomy":"product_cat","embeddable":true,"href":"https:\/\/sewingheartdesign.com\/en\/wp-json\/wp\/v2\/product_cat?post=35766"},{"taxonomy":"product_tag","embeddable":true,"href":"https:\/\/sewingheartdesign.com\/en\/wp-json\/wp\/v2\/product_tag?post=35766"}],"curies":[{"name":"wp","href":"https:\/\/api.w.org\/{rel}","templated":true}]}}