{"id":35762,"date":"2023-12-11T22:17:53","date_gmt":"2023-12-11T21:17:53","guid":{"rendered":"https:\/\/sewingheartdesign.com\/?post_type=product&#038;p=35762"},"modified":"2025-12-12T12:51:40","modified_gmt":"2025-12-12T11:51:40","slug":"jeansnit-koppar","status":"publish","type":"product","link":"https:\/\/sewingheartdesign.com\/en\/produkt\/jeansnit-koppar\/","title":{"rendered":"Jeansnit, koppar"},"content":{"rendered":"<p><em>Nitar f\u00f6r dekoration p\u00e5 v\u00e4skor, kl\u00e4der mm.<\/em><\/p>\n<p>Sl\u00e5s fast med hammare. Anv\u00e4nd syl f\u00f6r att g\u00f6ra h\u00e5l. Medf\u00f6ljer ej.<\/p>\n","protected":false},"excerpt":{"rendered":"<p><em>Nitar f\u00f6r dekoration p\u00e5 v\u00e4skor, kl\u00e4der mm.<\/em><\/p>\n<p>Anv\u00e4nd fantasin och dekorera fritt.<\/p>\n","protected":false},"featured_media":35757,"template":"","meta":[],"product_cat":[522048101,522048105],"product_tag":[],"class_list":{"0":"post-35762","1":"product","2":"type-product","3":"status-publish","4":"has-post-thumbnail","6":"product_cat-nyheter","7":"product_cat-nitar","9":"first","10":"instock","11":"taxable","12":"shipping-taxable","13":"purchasable","14":"product-type-variable","15":"has-default-attributes"},"_links":{"self":[{"href":"https:\/\/sewingheartdesign.com\/en\/wp-json\/wp\/v2\/product\/35762"}],"collection":[{"href":"https:\/\/sewingheartdesign.com\/en\/wp-json\/wp\/v2\/product"}],"about":[{"href":"https:\/\/sewingheartdesign.com\/en\/wp-json\/wp\/v2\/types\/product"}],"wp:featuredmedia":[{"embeddable":true,"href":"https:\/\/sewingheartdesign.com\/en\/wp-json\/wp\/v2\/media\/35757"}],"wp:attachment":[{"href":"https:\/\/sewingheartdesign.com\/en\/wp-json\/wp\/v2\/media?parent=35762"}],"wp:term":[{"taxonomy":"product_cat","embeddable":true,"href":"https:\/\/sewingheartdesign.com\/en\/wp-json\/wp\/v2\/product_cat?post=35762"},{"taxonomy":"product_tag","embeddable":true,"href":"https:\/\/sewingheartdesign.com\/en\/wp-json\/wp\/v2\/product_tag?post=35762"}],"curies":[{"name":"wp","href":"https:\/\/api.w.org\/{rel}","templated":true}]}}