{"id":35658,"date":"2023-11-27T12:12:29","date_gmt":"2023-11-27T11:12:29","guid":{"rendered":"https:\/\/sewingheartdesign.com\/?post_type=product&#038;p=35658"},"modified":"2025-10-28T08:50:16","modified_gmt":"2025-10-28T07:50:16","slug":"d-ring-20mm-silver","status":"publish","type":"product","link":"https:\/\/sewingheartdesign.com\/en\/produkt\/d-ring-20mm-silver\/","title":{"rendered":"D-ring, 20mm, silver"},"content":{"rendered":"<p>D-ring f\u00f6r att anv\u00e4ndas p\u00e5 v\u00e4skor, accessoarer, mm.<\/p>\n<p>Metall. Silver.<\/p>\n<p>Storlek: 20mm<\/p>\n","protected":false},"excerpt":{"rendered":"<p>D-ring i metall f\u00f6r att anv\u00e4ndas p\u00e5 v\u00e4skor, accessoarer, mm.<\/p>\n","protected":false},"featured_media":35662,"template":"","meta":[],"product_cat":[522048307],"product_tag":[522048328,522048233,522048330,522048326],"class_list":{"0":"post-35658","1":"product","2":"type-product","3":"status-publish","4":"has-post-thumbnail","6":"product_cat-grupperade-produkter","7":"product_tag-d-ring","8":"product_tag-silver","9":"product_tag-vaska","10":"product_tag-vasktillbehor","12":"first","13":"instock","14":"taxable","15":"shipping-taxable","16":"purchasable","17":"product-type-simple"},"_links":{"self":[{"href":"https:\/\/sewingheartdesign.com\/en\/wp-json\/wp\/v2\/product\/35658"}],"collection":[{"href":"https:\/\/sewingheartdesign.com\/en\/wp-json\/wp\/v2\/product"}],"about":[{"href":"https:\/\/sewingheartdesign.com\/en\/wp-json\/wp\/v2\/types\/product"}],"wp:featuredmedia":[{"embeddable":true,"href":"https:\/\/sewingheartdesign.com\/en\/wp-json\/wp\/v2\/media\/35662"}],"wp:attachment":[{"href":"https:\/\/sewingheartdesign.com\/en\/wp-json\/wp\/v2\/media?parent=35658"}],"wp:term":[{"taxonomy":"product_cat","embeddable":true,"href":"https:\/\/sewingheartdesign.com\/en\/wp-json\/wp\/v2\/product_cat?post=35658"},{"taxonomy":"product_tag","embeddable":true,"href":"https:\/\/sewingheartdesign.com\/en\/wp-json\/wp\/v2\/product_tag?post=35658"}],"curies":[{"name":"wp","href":"https:\/\/api.w.org\/{rel}","templated":true}]}}