{"id":35632,"date":"2023-11-26T19:22:06","date_gmt":"2023-11-26T18:22:06","guid":{"rendered":"https:\/\/sewingheartdesign.com\/?post_type=product&#038;p=35632"},"modified":"2025-09-24T15:17:27","modified_gmt":"2025-09-24T13:17:27","slug":"hake-20mm-antik","status":"publish","type":"product","link":"https:\/\/sewingheartdesign.com\/en\/produkt\/hake-20mm-antik\/","title":{"rendered":"Hake, 20mm, antik"},"content":{"rendered":"<p>Hake f\u00f6r att anv\u00e4ndas p\u00e5 v\u00e4skor, accessoarer, mm.<\/p>\n<p>Metall. Antik m\u00e4ssing.<\/p>\n<p>Storlek: 20mm<\/p>\n","protected":false},"excerpt":{"rendered":"<p>Hake i metall f\u00f6r att anv\u00e4ndas p\u00e5 v\u00e4skor, accessoarer, mm.<\/p>\n","protected":false},"featured_media":35618,"template":"","meta":[],"product_cat":[522048307],"product_tag":[522048237,522048327,522048331,522048326],"class_list":{"0":"post-35632","1":"product","2":"type-product","3":"status-publish","4":"has-post-thumbnail","6":"product_cat-grupperade-produkter","7":"product_tag-antik","8":"product_tag-antik-massing","9":"product_tag-hake","10":"product_tag-vasktillbehor","12":"first","13":"instock","14":"taxable","15":"shipping-taxable","16":"purchasable","17":"product-type-simple"},"_links":{"self":[{"href":"https:\/\/sewingheartdesign.com\/en\/wp-json\/wp\/v2\/product\/35632"}],"collection":[{"href":"https:\/\/sewingheartdesign.com\/en\/wp-json\/wp\/v2\/product"}],"about":[{"href":"https:\/\/sewingheartdesign.com\/en\/wp-json\/wp\/v2\/types\/product"}],"wp:featuredmedia":[{"embeddable":true,"href":"https:\/\/sewingheartdesign.com\/en\/wp-json\/wp\/v2\/media\/35618"}],"wp:attachment":[{"href":"https:\/\/sewingheartdesign.com\/en\/wp-json\/wp\/v2\/media?parent=35632"}],"wp:term":[{"taxonomy":"product_cat","embeddable":true,"href":"https:\/\/sewingheartdesign.com\/en\/wp-json\/wp\/v2\/product_cat?post=35632"},{"taxonomy":"product_tag","embeddable":true,"href":"https:\/\/sewingheartdesign.com\/en\/wp-json\/wp\/v2\/product_tag?post=35632"}],"curies":[{"name":"wp","href":"https:\/\/api.w.org\/{rel}","templated":true}]}}