{"id":35624,"date":"2023-11-26T19:22:00","date_gmt":"2023-11-26T18:22:00","guid":{"rendered":"https:\/\/sewingheartdesign.com\/?post_type=product&#038;p=35624"},"modified":"2025-09-24T15:17:27","modified_gmt":"2025-09-24T13:17:27","slug":"rektangel-20mm-antik","status":"publish","type":"product","link":"https:\/\/sewingheartdesign.com\/en\/produkt\/rektangel-20mm-antik\/","title":{"rendered":"Rektangel, 20mm, antik"},"content":{"rendered":"<p>Rektangel f\u00f6r att anv\u00e4ndas p\u00e5 v\u00e4skor, accessoarer, mm.<\/p>\n<p>Metall. Antik m\u00e4ssing.<\/p>\n<p>Storlek: 20mm<\/p>\n","protected":false},"excerpt":{"rendered":"<p>Rektangel i metall f\u00f6r att anv\u00e4ndas p\u00e5 v\u00e4skor, accessoarer, mm.<\/p>\n","protected":false},"featured_media":35622,"template":"","meta":[],"product_cat":[522048307],"product_tag":[522048237,522048327,522048329,522048330,522048326],"class_list":{"0":"post-35624","1":"product","2":"type-product","3":"status-publish","4":"has-post-thumbnail","6":"product_cat-grupperade-produkter","7":"product_tag-antik","8":"product_tag-antik-massing","9":"product_tag-rektangel","10":"product_tag-vaska","11":"product_tag-vasktillbehor","13":"first","14":"instock","15":"taxable","16":"shipping-taxable","17":"purchasable","18":"product-type-simple"},"_links":{"self":[{"href":"https:\/\/sewingheartdesign.com\/en\/wp-json\/wp\/v2\/product\/35624"}],"collection":[{"href":"https:\/\/sewingheartdesign.com\/en\/wp-json\/wp\/v2\/product"}],"about":[{"href":"https:\/\/sewingheartdesign.com\/en\/wp-json\/wp\/v2\/types\/product"}],"wp:featuredmedia":[{"embeddable":true,"href":"https:\/\/sewingheartdesign.com\/en\/wp-json\/wp\/v2\/media\/35622"}],"wp:attachment":[{"href":"https:\/\/sewingheartdesign.com\/en\/wp-json\/wp\/v2\/media?parent=35624"}],"wp:term":[{"taxonomy":"product_cat","embeddable":true,"href":"https:\/\/sewingheartdesign.com\/en\/wp-json\/wp\/v2\/product_cat?post=35624"},{"taxonomy":"product_tag","embeddable":true,"href":"https:\/\/sewingheartdesign.com\/en\/wp-json\/wp\/v2\/product_tag?post=35624"}],"curies":[{"name":"wp","href":"https:\/\/api.w.org\/{rel}","templated":true}]}}