{"id":35581,"date":"2023-11-24T13:42:58","date_gmt":"2023-11-24T12:42:58","guid":{"rendered":"https:\/\/sewingheartdesign.com\/?post_type=product&#038;p=35581"},"modified":"2026-02-02T11:57:02","modified_gmt":"2026-02-02T10:57:02","slug":"lasknopp-silver","status":"publish","type":"product","link":"https:\/\/sewingheartdesign.com\/en\/produkt\/lasknopp-silver\/","title":{"rendered":"L\u00e5sknopp (silver)"},"content":{"rendered":"<p>Fina knoppl\u00e5s i metall f\u00f6r att l\u00e5sa v\u00e4skor, kn\u00e4ppen, jackor mm.<\/p>\n","protected":false},"excerpt":{"rendered":"<p>Fina l\u00e5sknoppar i metall till v\u00e4skor mm.<br \/>\nF\u00e4rg: Silver<\/p>\n<p>8&#215;10 mm<\/p>\n<p>Antal: 4 st<\/p>\n","protected":false},"featured_media":36056,"template":"","meta":[],"product_cat":[522048209],"product_tag":[522048233,522048326],"class_list":{"0":"post-35581","1":"product","2":"type-product","3":"status-publish","4":"has-post-thumbnail","6":"product_cat-vaskor","7":"product_tag-silver","8":"product_tag-vasktillbehor","10":"first","11":"instock","12":"taxable","13":"shipping-taxable","14":"purchasable","15":"product-type-simple"},"_links":{"self":[{"href":"https:\/\/sewingheartdesign.com\/en\/wp-json\/wp\/v2\/product\/35581"}],"collection":[{"href":"https:\/\/sewingheartdesign.com\/en\/wp-json\/wp\/v2\/product"}],"about":[{"href":"https:\/\/sewingheartdesign.com\/en\/wp-json\/wp\/v2\/types\/product"}],"wp:featuredmedia":[{"embeddable":true,"href":"https:\/\/sewingheartdesign.com\/en\/wp-json\/wp\/v2\/media\/36056"}],"wp:attachment":[{"href":"https:\/\/sewingheartdesign.com\/en\/wp-json\/wp\/v2\/media?parent=35581"}],"wp:term":[{"taxonomy":"product_cat","embeddable":true,"href":"https:\/\/sewingheartdesign.com\/en\/wp-json\/wp\/v2\/product_cat?post=35581"},{"taxonomy":"product_tag","embeddable":true,"href":"https:\/\/sewingheartdesign.com\/en\/wp-json\/wp\/v2\/product_tag?post=35581"}],"curies":[{"name":"wp","href":"https:\/\/api.w.org\/{rel}","templated":true}]}}