{"id":35558,"date":"2023-11-24T12:49:28","date_gmt":"2023-11-24T11:49:28","guid":{"rendered":"https:\/\/sewingheartdesign.com\/?post_type=product&#038;p=35558"},"modified":"2025-10-21T05:20:53","modified_gmt":"2025-10-21T03:20:53","slug":"dubbelt-snorlas-metall-morkgra","status":"publish","type":"product","link":"https:\/\/sewingheartdesign.com\/en\/produkt\/dubbelt-snorlas-metall-morkgra\/","title":{"rendered":"Dubbelt sn\u00f6rl\u00e5s, metall (m\u00f6rkgr\u00e5)"},"content":{"rendered":"<p><em>Avl\u00e5ngt sn\u00f6rl\u00e5s till jackor, byxor, v\u00e4skor mm.<\/em><\/p>\n<p>Avl\u00e5ngt sn\u00f6rl\u00e5s med tv\u00e5 h\u00e5l f\u00f6r sn\u00f6ren.<br \/>\nDubbelt sn\u00f6rl\u00e5s i metall med metallfj\u00e4der.<br \/>\nAnv\u00e4nds till jackor, byxor, v\u00e4skor mm.<\/p>\n<p><strong>Storlek:<\/strong> 22x8mm<br \/>\n<strong>H\u00e5l:<\/strong> ca 4mm, 2 st<\/p>\n<p><strong>Antal:<\/strong> 1 st<\/p>\n","protected":false},"excerpt":{"rendered":"<p><em>Avl\u00e5ngt sn\u00f6rl\u00e5s till jackor, byxor, v\u00e4skor mm.<\/em><\/p>\n<p>Storlek: 22x8mm, h\u00e5l: ca 4mm, 2 st<\/p>\n","protected":false},"featured_media":35560,"template":"","meta":[],"product_cat":[522047983,522048122],"product_tag":[],"class_list":{"0":"post-35558","1":"product","2":"type-product","3":"status-publish","4":"has-post-thumbnail","6":"product_cat-snoren-mm","7":"product_cat-snorlas","9":"first","10":"instock","11":"taxable","12":"shipping-taxable","13":"purchasable","14":"product-type-simple"},"_links":{"self":[{"href":"https:\/\/sewingheartdesign.com\/en\/wp-json\/wp\/v2\/product\/35558"}],"collection":[{"href":"https:\/\/sewingheartdesign.com\/en\/wp-json\/wp\/v2\/product"}],"about":[{"href":"https:\/\/sewingheartdesign.com\/en\/wp-json\/wp\/v2\/types\/product"}],"wp:featuredmedia":[{"embeddable":true,"href":"https:\/\/sewingheartdesign.com\/en\/wp-json\/wp\/v2\/media\/35560"}],"wp:attachment":[{"href":"https:\/\/sewingheartdesign.com\/en\/wp-json\/wp\/v2\/media?parent=35558"}],"wp:term":[{"taxonomy":"product_cat","embeddable":true,"href":"https:\/\/sewingheartdesign.com\/en\/wp-json\/wp\/v2\/product_cat?post=35558"},{"taxonomy":"product_tag","embeddable":true,"href":"https:\/\/sewingheartdesign.com\/en\/wp-json\/wp\/v2\/product_tag?post=35558"}],"curies":[{"name":"wp","href":"https:\/\/api.w.org\/{rel}","templated":true}]}}