{"id":35557,"date":"2023-11-24T12:49:26","date_gmt":"2023-11-24T11:49:26","guid":{"rendered":"https:\/\/sewingheartdesign.com\/?post_type=product&#038;p=35557"},"modified":"2025-03-26T15:19:36","modified_gmt":"2025-03-26T14:19:36","slug":"dubbelt-snorlas-metall-guld","status":"publish","type":"product","link":"https:\/\/sewingheartdesign.com\/en\/produkt\/dubbelt-snorlas-metall-guld\/","title":{"rendered":"Dubbelt sn\u00f6rl\u00e5s, metall (guld)"},"content":{"rendered":"<p><em>Avl\u00e5ngt sn\u00f6rl\u00e5s till jackor, byxor, v\u00e4skor mm.<\/em><\/p>\n<p>Avl\u00e5ngt sn\u00f6rl\u00e5s med tv\u00e5 h\u00e5l f\u00f6r sn\u00f6ren.<br \/>\nDubbelt sn\u00f6rl\u00e5s i metall med metallfj\u00e4der.<br \/>\nAnv\u00e4nds till jackor, byxor, v\u00e4skor mm.<\/p>\n<p><strong>Storlek:<\/strong> 22x8mm<br \/>\n<strong>H\u00e5l:<\/strong> ca 4mm, 2 st<\/p>\n<p><strong>Antal:<\/strong> 1 st<\/p>\n","protected":false},"excerpt":{"rendered":"<p><em>Avl\u00e5ngt sn\u00f6rl\u00e5s till jackor, byxor, v\u00e4skor mm.<\/em><\/p>\n<p>Storlek: 22x8mm, h\u00e5l: ca 4mm, 2 st<\/p>\n","protected":false},"featured_media":35553,"template":"","meta":[],"product_cat":[522047983,522048122],"product_tag":[522048235],"class_list":{"0":"post-35557","1":"product","2":"type-product","3":"status-publish","4":"has-post-thumbnail","6":"product_cat-snoren-mm","7":"product_cat-snorlas","8":"product_tag-guld","10":"first","11":"instock","12":"taxable","13":"shipping-taxable","14":"purchasable","15":"product-type-simple"},"_links":{"self":[{"href":"https:\/\/sewingheartdesign.com\/en\/wp-json\/wp\/v2\/product\/35557"}],"collection":[{"href":"https:\/\/sewingheartdesign.com\/en\/wp-json\/wp\/v2\/product"}],"about":[{"href":"https:\/\/sewingheartdesign.com\/en\/wp-json\/wp\/v2\/types\/product"}],"wp:featuredmedia":[{"embeddable":true,"href":"https:\/\/sewingheartdesign.com\/en\/wp-json\/wp\/v2\/media\/35553"}],"wp:attachment":[{"href":"https:\/\/sewingheartdesign.com\/en\/wp-json\/wp\/v2\/media?parent=35557"}],"wp:term":[{"taxonomy":"product_cat","embeddable":true,"href":"https:\/\/sewingheartdesign.com\/en\/wp-json\/wp\/v2\/product_cat?post=35557"},{"taxonomy":"product_tag","embeddable":true,"href":"https:\/\/sewingheartdesign.com\/en\/wp-json\/wp\/v2\/product_tag?post=35557"}],"curies":[{"name":"wp","href":"https:\/\/api.w.org\/{rel}","templated":true}]}}