{"id":35546,"date":"2023-11-24T09:19:03","date_gmt":"2023-11-24T08:19:03","guid":{"rendered":"https:\/\/sewingheartdesign.com\/?post_type=product&#038;p=35546"},"modified":"2024-01-08T12:18:25","modified_gmt":"2024-01-08T11:18:25","slug":"dubbelt-snorlas-metall-silver","status":"publish","type":"product","link":"https:\/\/sewingheartdesign.com\/en\/product\/dubbelt-snorlas-metall-silver\/","title":{"rendered":"Dubbelt sn\u00f6rl\u00e5s, metall (silver)"},"content":{"rendered":"<p><em>Avl\u00e5ngt sn\u00f6rl\u00e5s till jackor, byxor, v\u00e4skor mm.<\/em><\/p>\n<p>Avl\u00e5ngt sn\u00f6rl\u00e5s med tv\u00e5 h\u00e5l f\u00f6r sn\u00f6ren.<br \/>\nDubbelt sn\u00f6rl\u00e5s i metall med metallfj\u00e4der.<br \/>\nAnv\u00e4nds till jackor, byxor, v\u00e4skor mm.<\/p>\n<p><strong>Storlek:<\/strong> 22x8mm<br \/>\n<strong>H\u00e5l:<\/strong> ca 4mm, 2 st<\/p>\n<p><strong>Antal:<\/strong> 1 st<\/p>\n<p>&nbsp;<\/p>\n","protected":false},"excerpt":{"rendered":"<p><em>Avl\u00e5ngt sn\u00f6rl\u00e5s till jackor, byxor, v\u00e4skor mm.<\/em><\/p>\n<p>Storlek: 22x8mm, h\u00e5l: ca 4mm, 2 st<\/p>\n","protected":false},"featured_media":35555,"template":"","meta":[],"product_cat":[522047983,522048122],"product_tag":[],"class_list":{"0":"post-35546","1":"product","2":"type-product","3":"status-publish","4":"has-post-thumbnail","6":"product_cat-snoren-mm","7":"product_cat-snorlas","9":"first","10":"instock","11":"taxable","12":"shipping-taxable","13":"purchasable","14":"product-type-simple"},"_links":{"self":[{"href":"https:\/\/sewingheartdesign.com\/en\/wp-json\/wp\/v2\/product\/35546"}],"collection":[{"href":"https:\/\/sewingheartdesign.com\/en\/wp-json\/wp\/v2\/product"}],"about":[{"href":"https:\/\/sewingheartdesign.com\/en\/wp-json\/wp\/v2\/types\/product"}],"wp:featuredmedia":[{"embeddable":true,"href":"https:\/\/sewingheartdesign.com\/en\/wp-json\/wp\/v2\/media\/35555"}],"wp:attachment":[{"href":"https:\/\/sewingheartdesign.com\/en\/wp-json\/wp\/v2\/media?parent=35546"}],"wp:term":[{"taxonomy":"product_cat","embeddable":true,"href":"https:\/\/sewingheartdesign.com\/en\/wp-json\/wp\/v2\/product_cat?post=35546"},{"taxonomy":"product_tag","embeddable":true,"href":"https:\/\/sewingheartdesign.com\/en\/wp-json\/wp\/v2\/product_tag?post=35546"}],"curies":[{"name":"wp","href":"https:\/\/api.w.org\/{rel}","templated":true}]}}