{"id":35504,"date":"2023-11-24T08:10:56","date_gmt":"2023-11-24T07:10:56","guid":{"rendered":"https:\/\/sewingheartdesign.com\/?post_type=product&#038;p=35504"},"modified":"2025-10-13T14:38:10","modified_gmt":"2025-10-13T12:38:10","slug":"strykmarke-rosa","status":"publish","type":"product","link":"https:\/\/sewingheartdesign.com\/en\/product\/strykmarke-rosa\/","title":{"rendered":"Strykm\u00e4rke, rosa"},"content":{"rendered":"<p>G\u00f6r snygga tr\u00f6jor, jackor, v\u00e4skor mm enkelt och snabbt!<\/p>\n<p>&nbsp;<\/p>\n<p>V\u00e4vt m\u00e4rke f\u00f6r textiler.<br \/>\nTv\u00e4ttr\u00e5d: 40 grader, ingen torktumling. V\u00e4nd g\u00e4rna plagget ut och in.<\/p>\n<p><strong>Instruktion f\u00f6r v\u00e4rmepress:<\/strong><\/p>\n<p>1. Placera plagget p\u00e5 underlaget.<br \/>\n2. Placera trycket p\u00e5 plagget med motivet upp\u00e5t.<br \/>\n3. St\u00e4ll in temp ca 150-160 grader.<br \/>\n4. Pressa i 10-15 sekunder.<br \/>\n5. Om trycket inte sitter helt fast, upprepa steg 4.<\/p>\n<p><strong>Instruktion f\u00f6r strykj\u00e4rn:<\/strong><\/p>\n<p>1. Placera plagget p\u00e5 ett h\u00e5rt underlag.<br \/>\n2. Placera trycket p\u00e5 plagget med motivet upp\u00e5t. L\u00e4gg p\u00e5 bakpl\u00e5tspapper.<br \/>\n3. St\u00e4ll in strykj\u00e4rnet utan \u00e5nga, temp ca 120-160 grader.<br \/>\n4. Pressa h\u00e5rt i 10-15 sekunder.<br \/>\n5. Om trycket inte sitter helt fast, upprepa steg 4.<\/p>\n","protected":false},"excerpt":{"rendered":"<p>V\u00e4vt m\u00e4rke med velourk\u00e4nsla f\u00f6r textiler.<\/p>\n<p>12\u00d712 cm<\/p>\n<p>Rosa bakgrund med leopard.<\/p>\n","protected":false},"featured_media":35514,"template":"","meta":[],"product_cat":[522048297],"product_tag":[],"class_list":{"0":"post-35504","1":"product","2":"type-product","3":"status-publish","4":"has-post-thumbnail","6":"product_cat-stryka-marken","8":"first","9":"instock","10":"taxable","11":"shipping-taxable","12":"purchasable","13":"product-type-simple"},"_links":{"self":[{"href":"https:\/\/sewingheartdesign.com\/en\/wp-json\/wp\/v2\/product\/35504"}],"collection":[{"href":"https:\/\/sewingheartdesign.com\/en\/wp-json\/wp\/v2\/product"}],"about":[{"href":"https:\/\/sewingheartdesign.com\/en\/wp-json\/wp\/v2\/types\/product"}],"wp:featuredmedia":[{"embeddable":true,"href":"https:\/\/sewingheartdesign.com\/en\/wp-json\/wp\/v2\/media\/35514"}],"wp:attachment":[{"href":"https:\/\/sewingheartdesign.com\/en\/wp-json\/wp\/v2\/media?parent=35504"}],"wp:term":[{"taxonomy":"product_cat","embeddable":true,"href":"https:\/\/sewingheartdesign.com\/en\/wp-json\/wp\/v2\/product_cat?post=35504"},{"taxonomy":"product_tag","embeddable":true,"href":"https:\/\/sewingheartdesign.com\/en\/wp-json\/wp\/v2\/product_tag?post=35504"}],"curies":[{"name":"wp","href":"https:\/\/api.w.org\/{rel}","templated":true}]}}