{"id":34906,"date":"2023-06-28T15:57:15","date_gmt":"2023-06-28T13:57:15","guid":{"rendered":"https:\/\/sewingheartdesign.com\/?post_type=product&#038;p=34906"},"modified":"2025-01-21T08:24:55","modified_gmt":"2025-01-21T07:24:55","slug":"vikresar-16mm-turkos","status":"publish","type":"product","link":"https:\/\/sewingheartdesign.com\/en\/produkt\/vikresar-16mm-turkos\/","title":{"rendered":"Vikres\u00e5r, 16mm, turkos"},"content":{"rendered":"<p>Passar f\u00f6r att kanta underkl\u00e4der, badkl\u00e4der, dekoration i urringningar\/\u00e4rmslut, mm.<\/p>\n<p>L\u00e4ngd: 5m<\/p>\n","protected":false},"excerpt":{"rendered":"<p>Passar perfekt till att kanta underkl\u00e4der, badkl\u00e4der, dekoration i urringningar\/\u00e4rmslut, mm.<\/p>\n<p>K\u00f6p till matchande spetsres\u00e5r.<\/p>\n<p>&nbsp;<\/p>\n<p>Tv\u00e4ttas i max 40 grader.<\/p>\n","protected":false},"featured_media":34881,"template":"","meta":[],"product_cat":[522048305],"product_tag":[],"class_list":{"0":"post-34906","1":"product","2":"type-product","3":"status-publish","4":"has-post-thumbnail","6":"product_cat-lace-foe","8":"first","9":"instock","10":"taxable","11":"shipping-taxable","12":"purchasable","13":"product-type-simple"},"_links":{"self":[{"href":"https:\/\/sewingheartdesign.com\/en\/wp-json\/wp\/v2\/product\/34906"}],"collection":[{"href":"https:\/\/sewingheartdesign.com\/en\/wp-json\/wp\/v2\/product"}],"about":[{"href":"https:\/\/sewingheartdesign.com\/en\/wp-json\/wp\/v2\/types\/product"}],"wp:featuredmedia":[{"embeddable":true,"href":"https:\/\/sewingheartdesign.com\/en\/wp-json\/wp\/v2\/media\/34881"}],"wp:attachment":[{"href":"https:\/\/sewingheartdesign.com\/en\/wp-json\/wp\/v2\/media?parent=34906"}],"wp:term":[{"taxonomy":"product_cat","embeddable":true,"href":"https:\/\/sewingheartdesign.com\/en\/wp-json\/wp\/v2\/product_cat?post=34906"},{"taxonomy":"product_tag","embeddable":true,"href":"https:\/\/sewingheartdesign.com\/en\/wp-json\/wp\/v2\/product_tag?post=34906"}],"curies":[{"name":"wp","href":"https:\/\/api.w.org\/{rel}","templated":true}]}}