{"id":34840,"date":"2023-06-08T14:23:00","date_gmt":"2023-06-08T12:23:00","guid":{"rendered":"https:\/\/sewingheartdesign.com\/?post_type=product&#038;p=34840"},"modified":"2025-02-13T16:08:24","modified_gmt":"2025-02-13T15:08:24","slug":"spetsresar-15cm-marin","status":"publish","type":"product","link":"https:\/\/sewingheartdesign.com\/en\/produkt\/spetsresar-15cm-marin\/","title":{"rendered":"Spetsres\u00e5r, 16cm, marin"},"content":{"rendered":"<p>Fin, mjuk stretchig spets med blomm\u00f6nster och musselkant.<br \/>\nPassar perfekt till att sy underkl\u00e4der, dekoration i ben\/armslut, anti-skav\/anti-shafing, mm. Snyggt \u00e4ven som midjeband i trosor, leggings, dekor p\u00e5 bh, mm.<\/p>\n<p>K\u00f6p till matchande vikres\u00e5r.<\/p>\n<p>3 m.<\/p>\n<p>Tv\u00e4ttas i max 40 grader.<br \/>\nAnv\u00e4nd g\u00e4rna tv\u00e4ttp\u00e5se f\u00f6r att inte skada spetsen.<\/p>\n","protected":false},"excerpt":{"rendered":"<p>Fin, mjuk elastisk spets med blomm\u00f6nster och musselkant.<\/p>\n<p>L\u00e4ngd 3 meter.<\/p>\n","protected":false},"featured_media":34828,"template":"","meta":[],"product_cat":[522048305],"product_tag":[],"class_list":{"0":"post-34840","1":"product","2":"type-product","3":"status-publish","4":"has-post-thumbnail","6":"product_cat-lace-foe","8":"first","9":"instock","10":"taxable","11":"shipping-taxable","12":"purchasable","13":"product-type-simple"},"_links":{"self":[{"href":"https:\/\/sewingheartdesign.com\/en\/wp-json\/wp\/v2\/product\/34840"}],"collection":[{"href":"https:\/\/sewingheartdesign.com\/en\/wp-json\/wp\/v2\/product"}],"about":[{"href":"https:\/\/sewingheartdesign.com\/en\/wp-json\/wp\/v2\/types\/product"}],"wp:featuredmedia":[{"embeddable":true,"href":"https:\/\/sewingheartdesign.com\/en\/wp-json\/wp\/v2\/media\/34828"}],"wp:attachment":[{"href":"https:\/\/sewingheartdesign.com\/en\/wp-json\/wp\/v2\/media?parent=34840"}],"wp:term":[{"taxonomy":"product_cat","embeddable":true,"href":"https:\/\/sewingheartdesign.com\/en\/wp-json\/wp\/v2\/product_cat?post=34840"},{"taxonomy":"product_tag","embeddable":true,"href":"https:\/\/sewingheartdesign.com\/en\/wp-json\/wp\/v2\/product_tag?post=34840"}],"curies":[{"name":"wp","href":"https:\/\/api.w.org\/{rel}","templated":true}]}}