{"id":34245,"date":"2023-04-15T20:11:39","date_gmt":"2023-04-15T18:11:39","guid":{"rendered":"https:\/\/sewingheartdesign.com\/?post_type=product&#038;p=34245"},"modified":"2024-03-11T12:56:23","modified_gmt":"2024-03-11T11:56:23","slug":"dragkedjestopp-kraftigt-strl-5-gb","status":"publish","type":"product","link":"https:\/\/sewingheartdesign.com\/en\/produkt\/dragkedjestopp-kraftigt-strl-5-gb\/","title":{"rendered":"Strl 5, svart"},"content":{"rendered":"<p>Metallstopp f\u00f6r att korta av en dragkedja upptill och nertill.<\/p>\n<p>Anv\u00e4nd en t\u00e5ng och dra f\u00f6rsiktigt bort de t\u00e4nder som inte beh\u00f6vs. Kl\u00e4m fast nya stoppet med en t\u00e5ng. Nertill ska stoppet s\u00e4ttas \u00f6ver tandraden.<\/p>\n<p><strong>Antal:<\/strong>\u00a02 delar f\u00f6r \u00f6vre placering, 1 del f\u00f6r nedre<br \/>\n<strong>F\u00e4rg:<\/strong> Svart<\/p>\n","protected":false},"excerpt":{"rendered":"<div class=\"woocommerce-product-details__short-description\">\n<div class=\"woocommerce-product-details__short-description\">\n<p><em>Metallstopp f\u00f6r att korta av en dragkedja upptill och nertill.<\/em><\/p>\n<\/div>\n<\/div>\n","protected":false},"featured_media":34238,"template":"","meta":[],"product_cat":[522048307,522048101],"product_tag":[],"class_list":{"0":"post-34245","1":"product","2":"type-product","3":"status-publish","4":"has-post-thumbnail","6":"product_cat-grupperade-produkter","7":"product_cat-nyheter","9":"first","10":"outofstock","11":"taxable","12":"shipping-taxable","13":"purchasable","14":"product-type-simple"},"_links":{"self":[{"href":"https:\/\/sewingheartdesign.com\/en\/wp-json\/wp\/v2\/product\/34245"}],"collection":[{"href":"https:\/\/sewingheartdesign.com\/en\/wp-json\/wp\/v2\/product"}],"about":[{"href":"https:\/\/sewingheartdesign.com\/en\/wp-json\/wp\/v2\/types\/product"}],"wp:featuredmedia":[{"embeddable":true,"href":"https:\/\/sewingheartdesign.com\/en\/wp-json\/wp\/v2\/media\/34238"}],"wp:attachment":[{"href":"https:\/\/sewingheartdesign.com\/en\/wp-json\/wp\/v2\/media?parent=34245"}],"wp:term":[{"taxonomy":"product_cat","embeddable":true,"href":"https:\/\/sewingheartdesign.com\/en\/wp-json\/wp\/v2\/product_cat?post=34245"},{"taxonomy":"product_tag","embeddable":true,"href":"https:\/\/sewingheartdesign.com\/en\/wp-json\/wp\/v2\/product_tag?post=34245"}],"curies":[{"name":"wp","href":"https:\/\/api.w.org\/{rel}","templated":true}]}}