{"id":34235,"date":"2023-04-15T20:21:56","date_gmt":"2023-04-15T18:21:56","guid":{"rendered":"https:\/\/sewingheartdesign.com\/?post_type=product&#038;p=34235"},"modified":"2023-04-15T20:22:11","modified_gmt":"2023-04-15T18:22:11","slug":"dragkedjestopp-kraftigt","status":"publish","type":"product","link":"https:\/\/sewingheartdesign.com\/en\/produkt\/dragkedjestopp-kraftigt\/","title":{"rendered":"Dragkedjestopp, kraftigt"},"content":{"rendered":"<p>Metallstopp f\u00f6r att korta av en dragkedja upptill och nertill.<\/p>\n<p>Anv\u00e4nd en t\u00e5ng och dra f\u00f6rsiktigt bort de t\u00e4nder som inte beh\u00f6vs. Kl\u00e4m fast nya stoppet med en t\u00e5ng. Nertill ska stoppet s\u00e4ttas \u00f6ver tandraden.<\/p>\n<p><strong>Antal:<\/strong>\u00a02 delar f\u00f6r \u00f6vre placering, 1 del f\u00f6r nedre<\/p>\n","protected":false},"excerpt":{"rendered":"<div class=\"woocommerce-product-details__short-description\">\n<div class=\"woocommerce-product-details__short-description\">\n<p><em>Metallstopp f\u00f6r att korta av en dragkedja upptill och nertill.<\/em><\/p>\n<\/div>\n<\/div>\n","protected":false},"featured_media":34242,"template":"","meta":[],"product_cat":[522048103],"product_tag":[],"class_list":{"0":"post-34235","1":"product","2":"type-product","3":"status-publish","4":"has-post-thumbnail","6":"product_cat-dragkedjor","8":"first","9":"instock","10":"taxable","11":"shipping-taxable","12":"purchasable","13":"product-type-woosg"},"_links":{"self":[{"href":"https:\/\/sewingheartdesign.com\/en\/wp-json\/wp\/v2\/product\/34235"}],"collection":[{"href":"https:\/\/sewingheartdesign.com\/en\/wp-json\/wp\/v2\/product"}],"about":[{"href":"https:\/\/sewingheartdesign.com\/en\/wp-json\/wp\/v2\/types\/product"}],"wp:featuredmedia":[{"embeddable":true,"href":"https:\/\/sewingheartdesign.com\/en\/wp-json\/wp\/v2\/media\/34242"}],"wp:attachment":[{"href":"https:\/\/sewingheartdesign.com\/en\/wp-json\/wp\/v2\/media?parent=34235"}],"wp:term":[{"taxonomy":"product_cat","embeddable":true,"href":"https:\/\/sewingheartdesign.com\/en\/wp-json\/wp\/v2\/product_cat?post=34235"},{"taxonomy":"product_tag","embeddable":true,"href":"https:\/\/sewingheartdesign.com\/en\/wp-json\/wp\/v2\/product_tag?post=34235"}],"curies":[{"name":"wp","href":"https:\/\/api.w.org\/{rel}","templated":true}]}}