{"id":34226,"date":"2023-04-15T17:41:28","date_gmt":"2023-04-15T15:41:28","guid":{"rendered":"https:\/\/sewingheartdesign.com\/?post_type=product&#038;p=34226"},"modified":"2023-04-15T17:41:29","modified_gmt":"2023-04-15T15:41:29","slug":"tape-for-dragkedja","status":"publish","type":"product","link":"https:\/\/sewingheartdesign.com\/en\/produkt\/tape-for-dragkedja\/","title":{"rendered":"Tape f\u00f6r dragkedja"},"content":{"rendered":"<p>METOD F\u00d6R ATT BYTA UT PINNE\/L\u00c5S P\u00c5 DRAGKEDJA<\/p>\n<p>MED TAPE<br \/>\n1. V\u00e4rm en platt t\u00e5ng med en t\u00e4ndare<br \/>\n2. Kl\u00e4m ihop tapen<br \/>\n3. Klipp bort \u00f6verfl\u00f6det<br \/>\n4. V\u00e4rm kanten f\u00f6r att ta bort ev fnas<br \/>\n5. Lite superlim p\u00e5 kanten<br \/>\n6. Stoppa dit pinnen eller l\u00e5set<br \/>\n7. Kl\u00e4m ihop kanten p\u00e5 pinnen eller l\u00e5set med en t\u00e5ng<\/p>\n","protected":false},"excerpt":{"rendered":"<div class=\"woocommerce-product-details__short-description\">\n<p>Storlek: 1.5 x 6cm<\/p>\n<\/div>\n","protected":false},"featured_media":34227,"template":"","meta":[],"product_cat":[522048103],"product_tag":[],"class_list":{"0":"post-34226","1":"product","2":"type-product","3":"status-publish","4":"has-post-thumbnail","6":"product_cat-dragkedjor","8":"first","9":"instock","10":"taxable","11":"shipping-taxable","12":"purchasable","13":"product-type-woosg"},"_links":{"self":[{"href":"https:\/\/sewingheartdesign.com\/en\/wp-json\/wp\/v2\/product\/34226"}],"collection":[{"href":"https:\/\/sewingheartdesign.com\/en\/wp-json\/wp\/v2\/product"}],"about":[{"href":"https:\/\/sewingheartdesign.com\/en\/wp-json\/wp\/v2\/types\/product"}],"wp:featuredmedia":[{"embeddable":true,"href":"https:\/\/sewingheartdesign.com\/en\/wp-json\/wp\/v2\/media\/34227"}],"wp:attachment":[{"href":"https:\/\/sewingheartdesign.com\/en\/wp-json\/wp\/v2\/media?parent=34226"}],"wp:term":[{"taxonomy":"product_cat","embeddable":true,"href":"https:\/\/sewingheartdesign.com\/en\/wp-json\/wp\/v2\/product_cat?post=34226"},{"taxonomy":"product_tag","embeddable":true,"href":"https:\/\/sewingheartdesign.com\/en\/wp-json\/wp\/v2\/product_tag?post=34226"}],"curies":[{"name":"wp","href":"https:\/\/api.w.org\/{rel}","templated":true}]}}