{"id":34218,"date":"2023-04-15T16:27:11","date_gmt":"2023-04-15T14:27:11","guid":{"rendered":"https:\/\/sewingheartdesign.com\/?post_type=product&#038;p=34218"},"modified":"2023-04-15T16:32:12","modified_gmt":"2023-04-15T14:32:12","slug":"enkel-lopare-for-dragkedja","status":"publish","type":"product","link":"https:\/\/sewingheartdesign.com\/en\/produkt\/enkel-lopare-for-dragkedja\/","title":{"rendered":"Enkel l\u00f6pare f\u00f6r dragkedja"},"content":{"rendered":"<p>Enkel l\u00f6pare f\u00f6r dragkedja f\u00f6r reparation av dragkedja.<\/p>\n","protected":false},"excerpt":{"rendered":"<p>Enkel l\u00f6pare f\u00f6r dragkedja.<\/p>\n","protected":false},"featured_media":34219,"template":"","meta":[],"product_cat":[522048103],"product_tag":[],"class_list":{"0":"post-34218","1":"product","2":"type-product","3":"status-publish","4":"has-post-thumbnail","6":"product_cat-dragkedjor","8":"first","9":"instock","10":"taxable","11":"shipping-taxable","12":"purchasable","13":"product-type-woosg"},"_links":{"self":[{"href":"https:\/\/sewingheartdesign.com\/en\/wp-json\/wp\/v2\/product\/34218"}],"collection":[{"href":"https:\/\/sewingheartdesign.com\/en\/wp-json\/wp\/v2\/product"}],"about":[{"href":"https:\/\/sewingheartdesign.com\/en\/wp-json\/wp\/v2\/types\/product"}],"wp:featuredmedia":[{"embeddable":true,"href":"https:\/\/sewingheartdesign.com\/en\/wp-json\/wp\/v2\/media\/34219"}],"wp:attachment":[{"href":"https:\/\/sewingheartdesign.com\/en\/wp-json\/wp\/v2\/media?parent=34218"}],"wp:term":[{"taxonomy":"product_cat","embeddable":true,"href":"https:\/\/sewingheartdesign.com\/en\/wp-json\/wp\/v2\/product_cat?post=34218"},{"taxonomy":"product_tag","embeddable":true,"href":"https:\/\/sewingheartdesign.com\/en\/wp-json\/wp\/v2\/product_tag?post=34218"}],"curies":[{"name":"wp","href":"https:\/\/api.w.org\/{rel}","templated":true}]}}