{"id":34093,"date":"2023-04-14T09:13:48","date_gmt":"2023-04-14T07:13:48","guid":{"rendered":"https:\/\/sewingheartdesign.com\/?post_type=product&#038;p=34093"},"modified":"2024-02-16T12:20:39","modified_gmt":"2024-02-16T11:20:39","slug":"strassnit-6mm-guld","status":"publish","type":"product","link":"https:\/\/sewingheartdesign.com\/en\/produkt\/strassnit-6mm-guld\/","title":{"rendered":"6mm, guld"},"content":{"rendered":"<p>Snygga dekorativa nitar med strass.<\/p>\n<p>V\u00e4lj storlek p\u00e5 niten efter materialet.<br \/>\nL\u00e4ngden b\u00f6r vara ca 2mm l\u00e4ngre \u00e4n tjockleken som ska s\u00e4ttas ihop.<\/p>\n<p>F\u00e4rg: guld<\/p>\n<p>Skaftl\u00e4ngd: 4 mm<br \/>\nLagom tjocklek p\u00e5 materialet: 2-4 mm<\/p>\n","protected":false},"excerpt":{"rendered":"<p><em>Nitar f\u00f6r dekoration p\u00e5 v\u00e4skor, kl\u00e4der mm.<\/em><\/p>\n<p>Anv\u00e4nd fantasin och dekorera fritt.<\/p>\n<p>Strassniten har en snygg of\u00e4rgad blingsten och en svagt rundad baksida.<\/p>\n","protected":false},"featured_media":34122,"template":"","meta":[],"product_cat":[522048307],"product_tag":[],"class_list":{"0":"post-34093","1":"product","2":"type-product","3":"status-publish","4":"has-post-thumbnail","6":"product_cat-grupperade-produkter","8":"first","9":"instock","10":"taxable","11":"shipping-taxable","12":"purchasable","13":"product-type-variable"},"_links":{"self":[{"href":"https:\/\/sewingheartdesign.com\/en\/wp-json\/wp\/v2\/product\/34093"}],"collection":[{"href":"https:\/\/sewingheartdesign.com\/en\/wp-json\/wp\/v2\/product"}],"about":[{"href":"https:\/\/sewingheartdesign.com\/en\/wp-json\/wp\/v2\/types\/product"}],"wp:featuredmedia":[{"embeddable":true,"href":"https:\/\/sewingheartdesign.com\/en\/wp-json\/wp\/v2\/media\/34122"}],"wp:attachment":[{"href":"https:\/\/sewingheartdesign.com\/en\/wp-json\/wp\/v2\/media?parent=34093"}],"wp:term":[{"taxonomy":"product_cat","embeddable":true,"href":"https:\/\/sewingheartdesign.com\/en\/wp-json\/wp\/v2\/product_cat?post=34093"},{"taxonomy":"product_tag","embeddable":true,"href":"https:\/\/sewingheartdesign.com\/en\/wp-json\/wp\/v2\/product_tag?post=34093"}],"curies":[{"name":"wp","href":"https:\/\/api.w.org\/{rel}","templated":true}]}}