{"id":3346,"date":"2019-05-14T00:22:27","date_gmt":"2019-05-13T22:22:27","guid":{"rendered":"https:\/\/sewingheartdesign.com\/?post_type=product&#038;p=3346"},"modified":"2019-05-30T10:15:23","modified_gmt":"2019-05-30T08:15:23","slug":"mister-speedy-tee","status":"publish","type":"product","link":"https:\/\/sewingheartdesign.com\/en\/produkt\/mister-speedy-tee\/","title":{"rendered":"Mister Speedy Tee"},"content":{"rendered":"<p><em><b>T-shirt. Herrstorlek XS &#8211; 6XL<\/b><\/em><\/p>\n<p><em>Snabbsytt och enkelt m\u00f6nster med bra passform.<\/em><\/p>\n<p><span style=\"font-weight: 400;\">Det h\u00e4r m\u00f6nstret \u00e4r t\u00e4nkt till trik\u00e5\/jersey och har ett antal olika variationsm\u00f6jligheter. Kort eller l\u00e5ng \u00e4rm eller kantad. Urringning eller v-ringning.\u00a0<\/span><\/p>\n<p>&nbsp;<\/p>\n<p><span style=\"font-weight: 400;\"><strong>Tyg:<\/strong> Trik\u00e5\/jersey, viscosetrik\u00e5 <\/span><\/p>\n<p><span style=\"font-weight: 400;\">Utm\u00e4rkt <strong>f\u00e4rgkodade<\/strong> m\u00f6nster som inneh\u00e5ller petit och plusstorlekar!<\/span><\/p>\n<p>&nbsp;<\/p>\n<p>Licensm\u00f6nster med r\u00e4tt till kommersiell f\u00f6rs\u00e4ljning av f\u00e4rdig produkt.<\/p>\n<p><em><strong>PDF-m\u00f6nster:<br \/>\n<\/strong>F\u00e5r inte kopieras, s\u00e4ljas eller sk\u00e4nkas bort. Ingen \u00e5ngerr\u00e4tt p\u00e5 digitala produkter.<\/em><em><br \/>\n<\/em>Anv\u00e4nd lager i pdf-l\u00e4saren och skriv endast ut den storlek du vill sy och klipp ut direkt.<\/p>\n","protected":false},"excerpt":{"rendered":"<p><i><span style=\"font-weight: 400;\">Snabbsytt och enkelt m\u00f6nster med bra passform. <\/span><\/i><\/p>\n","protected":false},"featured_media":3534,"template":"","meta":[],"product_cat":[522047950,522047965],"product_tag":[522047957,522047961,522047940],"class_list":{"0":"post-3346","1":"product","2":"type-product","3":"status-publish","4":"has-post-thumbnail","6":"product_cat-monster","7":"product_cat-herrmonster","8":"product_tag-herrmonster","9":"product_tag-herrtroja","10":"product_tag-normal-passform","12":"first","13":"instock","14":"taxable","15":"shipping-taxable","16":"purchasable","17":"product-type-variable"},"_links":{"self":[{"href":"https:\/\/sewingheartdesign.com\/en\/wp-json\/wp\/v2\/product\/3346"}],"collection":[{"href":"https:\/\/sewingheartdesign.com\/en\/wp-json\/wp\/v2\/product"}],"about":[{"href":"https:\/\/sewingheartdesign.com\/en\/wp-json\/wp\/v2\/types\/product"}],"wp:featuredmedia":[{"embeddable":true,"href":"https:\/\/sewingheartdesign.com\/en\/wp-json\/wp\/v2\/media\/3534"}],"wp:attachment":[{"href":"https:\/\/sewingheartdesign.com\/en\/wp-json\/wp\/v2\/media?parent=3346"}],"wp:term":[{"taxonomy":"product_cat","embeddable":true,"href":"https:\/\/sewingheartdesign.com\/en\/wp-json\/wp\/v2\/product_cat?post=3346"},{"taxonomy":"product_tag","embeddable":true,"href":"https:\/\/sewingheartdesign.com\/en\/wp-json\/wp\/v2\/product_tag?post=3346"}],"curies":[{"name":"wp","href":"https:\/\/api.w.org\/{rel}","templated":true}]}}