{"id":3338,"date":"2019-05-14T00:15:29","date_gmt":"2019-05-13T22:15:29","guid":{"rendered":"https:\/\/sewingheartdesign.com\/?post_type=product&#038;p=3338"},"modified":"2023-10-05T15:45:57","modified_gmt":"2023-10-05T13:45:57","slug":"mister-longies","status":"publish","type":"product","link":"https:\/\/sewingheartdesign.com\/en\/produkt\/mister-longies\/","title":{"rendered":"Mister Longies"},"content":{"rendered":"<p><em><b>L\u00e5ngkalsonger. Herrstorlek XS &#8211; 6XL<\/b><\/em><\/p>\n<p><em>Alla variationer i m\u00f6nstret g\u00f6r att varje man kan f\u00e5 sin favorit.<\/em><\/p>\n<p><span style=\"font-weight: 400;\">Ett v\u00e4ldigt anv\u00e4ndbart m\u00f6nster som g\u00e5r att g\u00f6ra som kalsong med korta\/l\u00e5nga ben eller hell\u00e5nga med eller utan mudd nertill. Det h\u00e4r m\u00f6nstret \u00e4r t\u00e4nkt till trik\u00e5\/jersey och har olika variationer f\u00f6r utf\u00f6rande. V\u00e4lj med eller utan gylf. Midjeband av muddv\u00e4v eller res\u00e5r. Det finns tre h\u00f6jder p\u00e5 midjan och fyra olika l\u00e4ngder p\u00e5 benen. <\/span><span style=\"font-weight: 400;\"><br \/>\n<\/span><\/p>\n<p>&nbsp;<\/p>\n<p><span style=\"font-weight: 400;\"><strong>Tyg<\/strong>: Trik\u00e5\/jersey, viscosetrik\u00e5<\/span><\/p>\n<p><strong>L\u00e4ngdanpassning!<\/strong> V\u00e4lj din l\u00e4ngd n\u00e4r du klipper ut delarna, 150-200cm<\/p>\n<p><span style=\"font-weight: 400;\">Utm\u00e4rkt <strong>f\u00e4rgkodade<\/strong> m\u00f6nster som inneh\u00e5ller b\u00e5de petit och plusstorlekar!<\/span><\/p>\n<p>&nbsp;<\/p>\n<p>Licensm\u00f6nster med r\u00e4tt till kommersiell f\u00f6rs\u00e4ljning av f\u00e4rdig produkt.<\/p>\n<p><em><strong>PDF-m\u00f6nster:<br \/>\n<\/strong>F\u00e5r inte kopieras, s\u00e4ljas eller sk\u00e4nkas bort. Ingen \u00e5ngerr\u00e4tt p\u00e5 digitala produkter.<\/em><em><br \/>\n<\/em>Anv\u00e4nd lager i pdf-l\u00e4saren och skriv endast ut den storlek du vill sy och klipp ut direkt.<\/p>\n","protected":false},"excerpt":{"rendered":"<p><i><span style=\"font-weight: 400;\">Alla variationer i m\u00f6nstret g\u00f6r att varje man kan f\u00e5 sin favorit.<\/span><\/i><\/p>\n","protected":false},"featured_media":3520,"template":"","meta":[],"product_cat":[522047950,522047965],"product_tag":[522047957,522047964,522047940],"class_list":{"0":"post-3338","1":"product","2":"type-product","3":"status-publish","4":"has-post-thumbnail","6":"product_cat-monster","7":"product_cat-herrmonster","8":"product_tag-herrmonster","9":"product_tag-herrunderklader","10":"product_tag-normal-passform","12":"first","13":"instock","14":"taxable","15":"shipping-taxable","16":"purchasable","17":"product-type-variable"},"_links":{"self":[{"href":"https:\/\/sewingheartdesign.com\/en\/wp-json\/wp\/v2\/product\/3338"}],"collection":[{"href":"https:\/\/sewingheartdesign.com\/en\/wp-json\/wp\/v2\/product"}],"about":[{"href":"https:\/\/sewingheartdesign.com\/en\/wp-json\/wp\/v2\/types\/product"}],"wp:featuredmedia":[{"embeddable":true,"href":"https:\/\/sewingheartdesign.com\/en\/wp-json\/wp\/v2\/media\/3520"}],"wp:attachment":[{"href":"https:\/\/sewingheartdesign.com\/en\/wp-json\/wp\/v2\/media?parent=3338"}],"wp:term":[{"taxonomy":"product_cat","embeddable":true,"href":"https:\/\/sewingheartdesign.com\/en\/wp-json\/wp\/v2\/product_cat?post=3338"},{"taxonomy":"product_tag","embeddable":true,"href":"https:\/\/sewingheartdesign.com\/en\/wp-json\/wp\/v2\/product_tag?post=3338"}],"curies":[{"name":"wp","href":"https:\/\/api.w.org\/{rel}","templated":true}]}}