{"id":3333,"date":"2019-05-14T00:12:36","date_gmt":"2019-05-13T22:12:36","guid":{"rendered":"https:\/\/sewingheartdesign.com\/?post_type=product&#038;p=3333"},"modified":"2019-06-29T07:54:40","modified_gmt":"2019-06-29T05:54:40","slug":"mister-polo","status":"publish","type":"product","link":"https:\/\/sewingheartdesign.com\/en\/product\/mister-polo\/","title":{"rendered":"Mister Polo"},"content":{"rendered":"<p><span style=\"font-weight: 400;\"><b>Tr\u00f6ja med krage. Herrstorlek XS &#8211; 10XL<\/b><\/span><\/p>\n<p><em>Perfekt m\u00f6nster med m\u00e5nga fina detaljer<\/em><\/p>\n<p><span style=\"font-weight: 400;\">Det h\u00e4r m\u00f6nstret \u00e4r t\u00e4nkt till trik\u00e5\/jersey och har ett antal olika variationsm\u00f6jligheter. Kort eller l\u00e5ng \u00e4rm eller kantad. L\u00e5g\/h\u00f6g polokrage, \u00f6ppen krage eller krage med knapp. Synlig eller dold magficka.<\/span><\/p>\n<p>&nbsp;<\/p>\n<p><span style=\"font-weight: 400;\"><strong>Tyg:<\/strong> Trik\u00e5\/jersey, jogging, tjockare stickade tyger <\/span><\/p>\n<p><span style=\"font-weight: 400;\"><strong>L\u00e4ngdanpassning!<\/strong> V\u00e4lj din l\u00e4ngd n\u00e4r du klipper ut delarna, 150-200cm<\/span><\/p>\n<p><span style=\"font-weight: 400;\">Utm\u00e4rkt <strong>f\u00e4rgkodade<\/strong> m\u00f6nster som inneh\u00e5ller plusstorlekar!<\/span><\/p>\n<p>&nbsp;<\/p>\n<p>Licensm\u00f6nster med r\u00e4tt till kommersiell f\u00f6rs\u00e4ljning av f\u00e4rdig produkt.<\/p>\n<p><em><strong>PDF-m\u00f6nster:<br \/>\n<\/strong><\/em><em>F\u00e5r inte kopieras, s\u00e4ljas eller sk\u00e4nkas bort. Ingen \u00e5ngerr\u00e4tt p\u00e5 digitala produkter.<br \/>\n<\/em>Anv\u00e4nd lager i pdf-l\u00e4saren och skriv endast ut den storlek du vill sy och klipp ut direkt.<\/p>\n","protected":false},"excerpt":{"rendered":"<p><i><span style=\"font-weight: 400;\">Perfekt m\u00f6nster med m\u00e5nga fina detaljer<\/span><\/i><\/p>\n","protected":false},"featured_media":3559,"template":"","meta":[],"product_cat":[522047950,522047965],"product_tag":[522047957,522047961,522047944],"class_list":{"0":"post-3333","1":"product","2":"type-product","3":"status-publish","4":"has-post-thumbnail","6":"product_cat-monster","7":"product_cat-herrmonster","8":"product_tag-herrmonster","9":"product_tag-herrtroja","10":"product_tag-los-passform","12":"first","13":"instock","14":"taxable","15":"shipping-taxable","16":"purchasable","17":"product-type-variable"},"_links":{"self":[{"href":"https:\/\/sewingheartdesign.com\/en\/wp-json\/wp\/v2\/product\/3333"}],"collection":[{"href":"https:\/\/sewingheartdesign.com\/en\/wp-json\/wp\/v2\/product"}],"about":[{"href":"https:\/\/sewingheartdesign.com\/en\/wp-json\/wp\/v2\/types\/product"}],"wp:featuredmedia":[{"embeddable":true,"href":"https:\/\/sewingheartdesign.com\/en\/wp-json\/wp\/v2\/media\/3559"}],"wp:attachment":[{"href":"https:\/\/sewingheartdesign.com\/en\/wp-json\/wp\/v2\/media?parent=3333"}],"wp:term":[{"taxonomy":"product_cat","embeddable":true,"href":"https:\/\/sewingheartdesign.com\/en\/wp-json\/wp\/v2\/product_cat?post=3333"},{"taxonomy":"product_tag","embeddable":true,"href":"https:\/\/sewingheartdesign.com\/en\/wp-json\/wp\/v2\/product_tag?post=3333"}],"curies":[{"name":"wp","href":"https:\/\/api.w.org\/{rel}","templated":true}]}}