{"id":3328,"date":"2019-05-14T00:08:22","date_gmt":"2019-05-13T22:08:22","guid":{"rendered":"https:\/\/sewingheartdesign.com\/?post_type=product&#038;p=3328"},"modified":"2019-06-29T07:54:54","modified_gmt":"2019-06-29T05:54:54","slug":"mister-jogger-pants","status":"publish","type":"product","link":"https:\/\/sewingheartdesign.com\/en\/produkt\/mister-jogger-pants\/","title":{"rendered":"Mister Jogger Pants"},"content":{"rendered":"<p><span style=\"font-weight: 400;\"><b>Byxa i flera l\u00e4ngder. Herrstorlek XS &#8211; 6XL<\/b><\/span><\/p>\n<p><em>Roliga o l\u00e4tta att sy. Bra passform.<\/em><\/p>\n<p><span style=\"font-weight: 400;\">Det h\u00e4r m\u00f6nstret \u00e4r t\u00e4nkt f\u00f6r b\u00e5de v\u00e4vt och stretchigt tyg. Det har ett antal olika variationsm\u00f6jligheter. H\u00f6g\/l\u00e5g midja, med eller utan fickor och 5 olika l\u00e4ngder p\u00e5 benen.\u00a0<\/span><\/p>\n<p>&nbsp;<\/p>\n<p><span style=\"font-weight: 400;\"><strong>Tyg:<\/strong> Trik\u00e5\/jersey, jogging, v\u00e4vt tyg <\/span><\/p>\n<p><span style=\"font-weight: 400;\"><strong>L\u00e4ngdanpassning!<\/strong> V\u00e4lj din l\u00e4ngd n\u00e4r du klipper ut delarna, 150-200cm<\/span><\/p>\n<p>Utm\u00e4rkt <strong>f\u00e4rgkodade<\/strong> m\u00f6nster som inneh\u00e5ller petit och plusstorlekar!<\/p>\n<p>&nbsp;<\/p>\n<p>Licensm\u00f6nster med r\u00e4tt till kommersiell f\u00f6rs\u00e4ljning av f\u00e4rdig produkt.<\/p>\n<p><em><strong>PDF-m\u00f6nster:<br \/>\n<\/strong>F\u00e5r inte kopieras, s\u00e4ljas eller sk\u00e4nkas bort. Ingen \u00e5ngerr\u00e4tt p\u00e5 digitala produkter.<\/em><em><br \/>\n<\/em>Anv\u00e4nd lager i pdf-l\u00e4saren och skriv endast ut den storlek du vill sy och klipp ut direkt.<\/p>\n","protected":false},"excerpt":{"rendered":"<p><i><span style=\"font-weight: 400;\">Roliga o l\u00e4tta att sy. Bra passform.<\/span><\/i><\/p>\n","protected":false},"featured_media":3542,"template":"","meta":[],"product_cat":[522047950,522047965],"product_tag":[522047962,522047957,522047963,522047940,522047942],"class_list":{"0":"post-3328","1":"product","2":"type-product","3":"status-publish","4":"has-post-thumbnail","6":"product_cat-monster","7":"product_cat-herrmonster","8":"product_tag-herrbyxa","9":"product_tag-herrmonster","10":"product_tag-herrshorts","11":"product_tag-normal-passform","12":"product_tag-vavt-tyg","14":"first","15":"instock","16":"taxable","17":"shipping-taxable","18":"purchasable","19":"product-type-variable"},"_links":{"self":[{"href":"https:\/\/sewingheartdesign.com\/en\/wp-json\/wp\/v2\/product\/3328"}],"collection":[{"href":"https:\/\/sewingheartdesign.com\/en\/wp-json\/wp\/v2\/product"}],"about":[{"href":"https:\/\/sewingheartdesign.com\/en\/wp-json\/wp\/v2\/types\/product"}],"wp:featuredmedia":[{"embeddable":true,"href":"https:\/\/sewingheartdesign.com\/en\/wp-json\/wp\/v2\/media\/3542"}],"wp:attachment":[{"href":"https:\/\/sewingheartdesign.com\/en\/wp-json\/wp\/v2\/media?parent=3328"}],"wp:term":[{"taxonomy":"product_cat","embeddable":true,"href":"https:\/\/sewingheartdesign.com\/en\/wp-json\/wp\/v2\/product_cat?post=3328"},{"taxonomy":"product_tag","embeddable":true,"href":"https:\/\/sewingheartdesign.com\/en\/wp-json\/wp\/v2\/product_tag?post=3328"}],"curies":[{"name":"wp","href":"https:\/\/api.w.org\/{rel}","templated":true}]}}