{"id":3309,"date":"2019-05-13T23:50:06","date_gmt":"2019-05-13T21:50:06","guid":{"rendered":"https:\/\/sewingheartdesign.com\/?post_type=product&#038;p=3309"},"modified":"2019-12-17T19:16:32","modified_gmt":"2019-12-17T18:16:32","slug":"lets-go-socks","status":"publish","type":"product","link":"https:\/\/sewingheartdesign.com\/en\/product\/lets-go-socks\/","title":{"rendered":"Let&#8217;s Go! Socks"},"content":{"rendered":"<p style=\"text-align: center;\"><span style=\"font-weight: 400;\"><b>Sockar. Storlek 22\/24 &#8211; 49\/51<\/b><\/span><\/p>\n<p><i><span style=\"font-weight: 400;\">Nu kan man sy upp alla stuvar och matcha strumporna med kjolar eller tr\u00f6jor!<\/span><\/i><\/p>\n<p><span style=\"font-weight: 400;\">Det h\u00e4r m\u00f6nstret \u00e4r t\u00e4nkt till trik\u00e5\/jersey och har fyra h\u00f6jder\/modeller. Lek med spets eller vikres\u00e5r. <\/span><\/p>\n<p><strong>OBS: Sys med flatlock p\u00e5 en overlock<\/strong><\/p>\n<p><span style=\"font-weight: 400;\"><strong>Tyg:<\/strong> Trik\u00e5\/jersey, viscosetrik\u00e5 <\/span><\/p>\n<p><span style=\"font-weight: 400;\"><strong>L\u00e4ngdanpassning!<\/strong> V\u00e4lj din l\u00e4ngd p\u00e5 m\u00f6nstret f\u00f6r b\u00e4sta passform, 80-200cm.<\/span><\/p>\n<p><span style=\"font-weight: 400;\">Utm\u00e4rkt <strong>f\u00e4rgkodade<\/strong> m\u00f6nster som inneh\u00e5ller petit och plusstorlekar!<\/span><\/p>\n<p>&nbsp;<\/p>\n<p>Licensm\u00f6nster med r\u00e4tt till kommersiell f\u00f6rs\u00e4ljning av f\u00e4rdig produkt.<\/p>\n<p><em><strong>PDF-m\u00f6nster:<br \/>\n<\/strong>F\u00e5r inte kopieras, s\u00e4ljas eller sk\u00e4nkas bort. Ingen \u00e5ngerr\u00e4tt p\u00e5 digitala produkter.<\/em><em><br \/>\n<\/em>Anv\u00e4nd lager i pdf-l\u00e4saren och skriv endast ut den storlek du vill sy och klipp ut direkt.<\/p>\n","protected":false},"excerpt":{"rendered":"<p><i><span style=\"font-weight: 400;\">Nu kan man sy upp alla stuvar och matcha strumporna med kjolar eller tr\u00f6jor!<\/span><\/i><\/p>\n","protected":false},"featured_media":3518,"template":"","meta":[],"product_cat":[522047950,522047966,522047874,522047965],"product_tag":[522047954,522047933,522047957,522047940,522047956],"class_list":{"0":"post-3309","1":"product","2":"type-product","3":"status-publish","4":"has-post-thumbnail","6":"product_cat-monster","7":"product_cat-barnmonster","8":"product_cat-dammonster","9":"product_cat-herrmonster","10":"product_tag-barnmonster","11":"product_tag-dammonster","12":"product_tag-herrmonster","13":"product_tag-normal-passform","14":"product_tag-unisex","16":"first","17":"instock","18":"taxable","19":"shipping-taxable","20":"purchasable","21":"product-type-variable"},"_links":{"self":[{"href":"https:\/\/sewingheartdesign.com\/en\/wp-json\/wp\/v2\/product\/3309"}],"collection":[{"href":"https:\/\/sewingheartdesign.com\/en\/wp-json\/wp\/v2\/product"}],"about":[{"href":"https:\/\/sewingheartdesign.com\/en\/wp-json\/wp\/v2\/types\/product"}],"wp:featuredmedia":[{"embeddable":true,"href":"https:\/\/sewingheartdesign.com\/en\/wp-json\/wp\/v2\/media\/3518"}],"wp:attachment":[{"href":"https:\/\/sewingheartdesign.com\/en\/wp-json\/wp\/v2\/media?parent=3309"}],"wp:term":[{"taxonomy":"product_cat","embeddable":true,"href":"https:\/\/sewingheartdesign.com\/en\/wp-json\/wp\/v2\/product_cat?post=3309"},{"taxonomy":"product_tag","embeddable":true,"href":"https:\/\/sewingheartdesign.com\/en\/wp-json\/wp\/v2\/product_tag?post=3309"}],"curies":[{"name":"wp","href":"https:\/\/api.w.org\/{rel}","templated":true}]}}