{"id":3294,"date":"2019-05-13T22:06:09","date_gmt":"2019-05-13T20:06:09","guid":{"rendered":"https:\/\/sewingheartdesign.com\/?post_type=product&#038;p=3294"},"modified":"2021-04-29T10:15:23","modified_gmt":"2021-04-29T08:15:23","slug":"fantastical-weran","status":"publish","type":"product","link":"https:\/\/sewingheartdesign.com\/en\/product\/fantastical-weran\/","title":{"rendered":"Fantastical Weran"},"content":{"rendered":"<p><span style=\"font-weight: 400;\"><b>Topp\/tr\u00f6ja\/tunika\/kl\u00e4nning\/kofta. Damstorlek 32 &#8211; 60<\/b><\/span><\/p>\n<p><i><span style=\"font-weight: 400;\">Underbart m\u00f6nster som g\u00e5r att variera i o\u00e4ndlighet! Magiskt bra med s\u00e5 enormt m\u00e5nga valm\u00f6jligheter i ett m\u00f6nster.<\/span><\/i><\/p>\n<p><span style=\"font-weight: 400;\">Det h\u00e4r m\u00f6nstret \u00e4r en l\u00f6s modell och har ett stort antal olika variationsm\u00f6jligheter. Det finns fyra l\u00e4ngder; topp, tr\u00f6ja, tunika, kn\u00e4l\u00e5ng. \u00c4rmen kan g\u00f6ras kort, 3\/4-\u00e4rm eller l\u00e5ng \u00e4rm m\/u mudd. Krage\/omlottkrage eller huva\/omlotthuva. Kan g\u00f6ras som tr\u00f6ja, tunika, kl\u00e4nning, kofta eller jacka. Med knappar eller dragkedja eller bara \u00f6ppen. Med eller utan fickor, vanliga i sidan eller tv\u00e5 olika magfickor.<\/span><\/p>\n<p>&nbsp;<\/p>\n<p><span style=\"font-weight: 400;\"><strong>Tyg:<\/strong> Trik\u00e5\/jersey, viscosetrik\u00e5, jogging, v\u00e4vt tyg<\/span><\/p>\n<p><strong>L\u00e4ngdanpassning!<\/strong> V\u00e4lj din l\u00e4ngd n\u00e4r du klipper ut delarna, 150-190cm<\/p>\n<p>Utm\u00e4rkt <strong>f\u00e4rgkodade<\/strong> m\u00f6nster som inneh\u00e5ller b\u00e5de petit och plusstorlekar!<\/p>\n<p>&nbsp;<\/p>\n<p>Licensm\u00f6nster med r\u00e4tt till kommersiell f\u00f6rs\u00e4ljning av f\u00e4rdig produkt.<\/p>\n<p><em><strong>PDF-m\u00f6nster:<br \/>\n<\/strong>F\u00e5r inte kopieras, s\u00e4ljas eller sk\u00e4nkas bort. Ingen \u00e5ngerr\u00e4tt p\u00e5 digitala produkter.<\/em><em><br \/>\n<\/em>Anv\u00e4nd lager i pdf-l\u00e4saren och skriv endast ut den storlek du vill sy och klipp ut direkt.<\/p>\n","protected":false},"excerpt":{"rendered":"<p><i><span style=\"font-weight: 400;\">Underbart m\u00f6nster som g\u00e5r att variera i o\u00e4ndlighet! Magiskt bra med s\u00e5 enormt m\u00e5nga valm\u00f6jligheter i ett m\u00f6nster.<\/span><\/i><\/p>\n","protected":false},"featured_media":3529,"template":"","meta":[],"product_cat":[522047950,522047874,522047970,522047969,522047967],"product_tag":[522047933,522047938,522047958,522047936,522047951,522047944,522047959,522047934,522047935,522047942],"class_list":{"0":"post-3294","1":"product","2":"type-product","3":"status-publish","4":"has-post-thumbnail","6":"product_cat-monster","7":"product_cat-dammonster","8":"product_cat-gravid","9":"product_cat-damvavt","10":"product_cat-damtop","11":"product_tag-dammonster","12":"product_tag-gravid","13":"product_tag-jacka","14":"product_tag-klanning","15":"product_tag-kofta","16":"product_tag-los-passform","17":"product_tag-topp","18":"product_tag-troja","19":"product_tag-tunika","20":"product_tag-vavt-tyg","22":"first","23":"instock","24":"taxable","25":"shipping-taxable","26":"purchasable","27":"product-type-variable"},"_links":{"self":[{"href":"https:\/\/sewingheartdesign.com\/en\/wp-json\/wp\/v2\/product\/3294"}],"collection":[{"href":"https:\/\/sewingheartdesign.com\/en\/wp-json\/wp\/v2\/product"}],"about":[{"href":"https:\/\/sewingheartdesign.com\/en\/wp-json\/wp\/v2\/types\/product"}],"wp:featuredmedia":[{"embeddable":true,"href":"https:\/\/sewingheartdesign.com\/en\/wp-json\/wp\/v2\/media\/3529"}],"wp:attachment":[{"href":"https:\/\/sewingheartdesign.com\/en\/wp-json\/wp\/v2\/media?parent=3294"}],"wp:term":[{"taxonomy":"product_cat","embeddable":true,"href":"https:\/\/sewingheartdesign.com\/en\/wp-json\/wp\/v2\/product_cat?post=3294"},{"taxonomy":"product_tag","embeddable":true,"href":"https:\/\/sewingheartdesign.com\/en\/wp-json\/wp\/v2\/product_tag?post=3294"}],"curies":[{"name":"wp","href":"https:\/\/api.w.org\/{rel}","templated":true}]}}