{"id":3276,"date":"2019-05-13T21:48:32","date_gmt":"2019-05-13T19:48:32","guid":{"rendered":"https:\/\/sewingheartdesign.com\/?post_type=product&#038;p=3276"},"modified":"2020-10-19T19:23:22","modified_gmt":"2020-10-19T17:23:22","slug":"playtime-overall","status":"publish","type":"product","link":"https:\/\/sewingheartdesign.com\/en\/product\/playtime-overall\/","title":{"rendered":"Playtime Overall"},"content":{"rendered":"<p><span style=\"font-weight: 400;\"><b>Overall. Barnstorlek 50 \u2013 158<\/b><\/span><\/p>\n<p><i><span style=\"font-weight: 400;\">Perfekt m\u00f6nster med m\u00e5nga fina detaljer.<\/span><\/i><\/p>\n<p><span style=\"font-weight: 400;\">M\u00f6nstret \u00e4r t\u00e4nkt till icke stretchigt tyg tex regntyg, softshell, b\u00e4vernylon. Det h\u00e4r m\u00f6nstret har ett antal olika variationsm\u00f6jligheter. Det g\u00e5r att g\u00f6ra enf\u00e4rgat eller dela upp \u00e4rmar\/ben med olika f\u00e4rger. Halsmudd, krage eller huva. Mudd i ben\/\u00e4rmslut eller f\u00e5llat med res\u00e5r.\u00a0<\/span><\/p>\n<p>&nbsp;<\/p>\n<p><span style=\"font-weight: 400;\"><strong>Tyg:<\/strong> icke stretchigt tyg tex regntyg, softshell, b\u00e4vernylon, jogging, fleece, ull<\/span><\/p>\n<p><span style=\"font-weight: 400;\">Utm\u00e4rkt <strong>f\u00e4rgkodat<\/strong> m\u00f6nster!<\/span><\/p>\n<p>&nbsp;<\/p>\n<p>Licensm\u00f6nster med r\u00e4tt till kommersiell f\u00f6rs\u00e4ljning av f\u00e4rdig produkt.<\/p>\n<p><em><strong>PDF-m\u00f6nster:<br \/>\n<\/strong>F\u00e5r inte kopieras, s\u00e4ljas eller sk\u00e4nkas bort. Ingen \u00e5ngerr\u00e4tt p\u00e5 digitala produkter.<\/em><em><br \/>\n<\/em>Anv\u00e4nd lager i pdf-l\u00e4saren och skriv endast ut den storlek du vill sy och klipp ut direkt.<\/p>\n","protected":false},"excerpt":{"rendered":"<p><i><span style=\"font-weight: 400;\">Perfekt m\u00f6nster med m\u00e5nga fina detaljer.<\/span><\/i><\/p>\n","protected":false},"featured_media":3557,"template":"","meta":[],"product_cat":[522047950,522047966],"product_tag":[522047954,522047944,522047942,522047955],"class_list":{"0":"post-3276","1":"product","2":"type-product","3":"status-publish","4":"has-post-thumbnail","6":"product_cat-monster","7":"product_cat-barnmonster","8":"product_tag-barnmonster","9":"product_tag-los-passform","10":"product_tag-vavt-tyg","11":"product_tag-ytterplagg","13":"first","14":"instock","15":"taxable","16":"shipping-taxable","17":"purchasable","18":"product-type-variable"},"_links":{"self":[{"href":"https:\/\/sewingheartdesign.com\/en\/wp-json\/wp\/v2\/product\/3276"}],"collection":[{"href":"https:\/\/sewingheartdesign.com\/en\/wp-json\/wp\/v2\/product"}],"about":[{"href":"https:\/\/sewingheartdesign.com\/en\/wp-json\/wp\/v2\/types\/product"}],"wp:featuredmedia":[{"embeddable":true,"href":"https:\/\/sewingheartdesign.com\/en\/wp-json\/wp\/v2\/media\/3557"}],"wp:attachment":[{"href":"https:\/\/sewingheartdesign.com\/en\/wp-json\/wp\/v2\/media?parent=3276"}],"wp:term":[{"taxonomy":"product_cat","embeddable":true,"href":"https:\/\/sewingheartdesign.com\/en\/wp-json\/wp\/v2\/product_cat?post=3276"},{"taxonomy":"product_tag","embeddable":true,"href":"https:\/\/sewingheartdesign.com\/en\/wp-json\/wp\/v2\/product_tag?post=3276"}],"curies":[{"name":"wp","href":"https:\/\/api.w.org\/{rel}","templated":true}]}}