{"id":3272,"date":"2019-05-11T20:54:00","date_gmt":"2019-05-11T18:54:00","guid":{"rendered":"https:\/\/sewingheartdesign.com\/?post_type=product&#038;p=3272"},"modified":"2023-04-26T15:14:41","modified_gmt":"2023-04-26T13:14:41","slug":"joyful","status":"publish","type":"product","link":"https:\/\/sewingheartdesign.com\/en\/product\/joyful\/","title":{"rendered":"Joyful"},"content":{"rendered":"<p><strong>Joyful Julstrumpa<\/strong><\/p>\n<p><span style=\"font-weight: 400;\"><em>G\u00f6r snygga julstrumpor till hela familjen eller ge bort som adventsg\u00e5va.<\/em><\/span><\/p>\n<p><span style=\"font-weight: 400;\">Julstrumpan g\u00e5r att g\u00f6ra med flera alternativa utseenden.\u00a0<\/span><\/p>\n<p>Dekorationerna f\u00f6ljer med (silhouette cameo): pdf, jpeg, studio3 och gsp.<\/p>\n<p>&nbsp;<\/p>\n<p>Licensm\u00f6nster med r\u00e4tt till kommersiell f\u00f6rs\u00e4ljning av f\u00e4rdig produkt.<\/p>\n<p><em><strong>PDF-m\u00f6nster:<br \/>\n<\/strong>F\u00e5r inte kopieras, s\u00e4ljas eller sk\u00e4nkas bort. Ingen \u00e5ngerr\u00e4tt p\u00e5 digitala produkter.<\/em><em><br \/>\n<\/em>Anv\u00e4nd lager i pdf-l\u00e4saren och skriv endast ut den storlek du vill sy och klipp ut direkt.<\/p>\n<p>&nbsp;<\/p>\n","protected":false},"excerpt":{"rendered":"<p><em>G\u00f6r snygga julstrumpor till hela familjen eller ge bort som adventsg\u00e5va.<\/em><\/p>\n","protected":false},"featured_media":3560,"template":"","meta":[],"product_cat":[522047950,522047966],"product_tag":[522047954,522047942],"class_list":{"0":"post-3272","1":"product","2":"type-product","3":"status-publish","4":"has-post-thumbnail","6":"product_cat-monster","7":"product_cat-barnmonster","8":"product_tag-barnmonster","9":"product_tag-vavt-tyg","11":"first","12":"instock","13":"taxable","14":"shipping-taxable","15":"purchasable","16":"product-type-variable"},"_links":{"self":[{"href":"https:\/\/sewingheartdesign.com\/en\/wp-json\/wp\/v2\/product\/3272"}],"collection":[{"href":"https:\/\/sewingheartdesign.com\/en\/wp-json\/wp\/v2\/product"}],"about":[{"href":"https:\/\/sewingheartdesign.com\/en\/wp-json\/wp\/v2\/types\/product"}],"wp:featuredmedia":[{"embeddable":true,"href":"https:\/\/sewingheartdesign.com\/en\/wp-json\/wp\/v2\/media\/3560"}],"wp:attachment":[{"href":"https:\/\/sewingheartdesign.com\/en\/wp-json\/wp\/v2\/media?parent=3272"}],"wp:term":[{"taxonomy":"product_cat","embeddable":true,"href":"https:\/\/sewingheartdesign.com\/en\/wp-json\/wp\/v2\/product_cat?post=3272"},{"taxonomy":"product_tag","embeddable":true,"href":"https:\/\/sewingheartdesign.com\/en\/wp-json\/wp\/v2\/product_tag?post=3272"}],"curies":[{"name":"wp","href":"https:\/\/api.w.org\/{rel}","templated":true}]}}