{"id":3251,"date":"2019-05-10T15:05:15","date_gmt":"2019-05-10T13:05:15","guid":{"rendered":"https:\/\/sewingheartdesign.com\/?post_type=product&#038;p=3251"},"modified":"2019-06-29T07:59:12","modified_gmt":"2019-06-29T05:59:12","slug":"sunshine-dress","status":"publish","type":"product","link":"https:\/\/sewingheartdesign.com\/en\/produkt\/sunshine-dress\/","title":{"rendered":"Sunshine Dress"},"content":{"rendered":"<p><span style=\"font-weight: 400;\"><b>Kl\u00e4nning. Damstorlek 32 &#8211; 60<\/b><\/span><\/p>\n<p><i><span style=\"font-weight: 400;\">Enkel och otroligt snabbsydd!<\/span><\/i><\/p>\n<p><span style=\"font-weight: 400;\">Kl\u00e4nningen \u00e4r en A-linjekl\u00e4nning och passar b\u00e4st med viscosetrik\u00e5\/viscosejersey.<\/span><span style=\"font-weight: 400;\"><br \/>\n<\/span><span style=\"font-weight: 400;\">Det h\u00e4r m\u00f6nstret har ett antal olika variationsm\u00f6jligheter. Urringningen \u00e4r antingen vanlig rund eller avl\u00e5ng\/b\u00e5tform. Det g\u00e5r att dela framstycket och\/eller bakstycket eller s\u00e5 g\u00e5r det att ha b\u00e5da i ett stycke.\u00a0<\/span><\/p>\n<p>&nbsp;<\/p>\n<p><span style=\"font-weight: 400;\"><strong>Tyg:<\/strong> Trik\u00e5\/jersey, viscosetrik\u00e5<\/span><\/p>\n<p><strong>L\u00e4ngdanpassning!<\/strong> V\u00e4lj din l\u00e4ngd n\u00e4r du klipper ut delarna, 150-190cm<\/p>\n<p><span style=\"font-weight: 400;\">Utm\u00e4rkt <strong>f\u00e4rgkodade<\/strong> m\u00f6nster som inneh\u00e5ller b\u00e5de petit och plusstorlekar!<\/span><\/p>\n<p>&nbsp;<\/p>\n<p>Licensm\u00f6nster med r\u00e4tt till kommersiell f\u00f6rs\u00e4ljning av f\u00e4rdig produkt.<\/p>\n<p><em><strong>PDF-m\u00f6nster:<br \/>\n<\/strong>F\u00e5r inte kopieras, s\u00e4ljas eller sk\u00e4nkas bort. Ingen \u00e5ngerr\u00e4tt p\u00e5 digitala produkter.<\/em><em><br \/>\n<\/em>Anv\u00e4nd lager i pdf-l\u00e4saren och skriv endast ut den storlek du vill sy och klipp ut direkt.<\/p>\n","protected":false},"excerpt":{"rendered":"<p><i><span style=\"font-weight: 400;\">Enkel och otroligt snabbsydd!<\/span><\/i><\/p>\n","protected":false},"featured_media":3525,"template":"","meta":[],"product_cat":[522047950,522047874,522047967],"product_tag":[522047933,522047936,522047940],"class_list":{"0":"post-3251","1":"product","2":"type-product","3":"status-publish","4":"has-post-thumbnail","6":"product_cat-monster","7":"product_cat-dammonster","8":"product_cat-damtop","9":"product_tag-dammonster","10":"product_tag-klanning","11":"product_tag-normal-passform","13":"first","14":"instock","15":"taxable","16":"shipping-taxable","17":"purchasable","18":"product-type-variable"},"_links":{"self":[{"href":"https:\/\/sewingheartdesign.com\/en\/wp-json\/wp\/v2\/product\/3251"}],"collection":[{"href":"https:\/\/sewingheartdesign.com\/en\/wp-json\/wp\/v2\/product"}],"about":[{"href":"https:\/\/sewingheartdesign.com\/en\/wp-json\/wp\/v2\/types\/product"}],"wp:featuredmedia":[{"embeddable":true,"href":"https:\/\/sewingheartdesign.com\/en\/wp-json\/wp\/v2\/media\/3525"}],"wp:attachment":[{"href":"https:\/\/sewingheartdesign.com\/en\/wp-json\/wp\/v2\/media?parent=3251"}],"wp:term":[{"taxonomy":"product_cat","embeddable":true,"href":"https:\/\/sewingheartdesign.com\/en\/wp-json\/wp\/v2\/product_cat?post=3251"},{"taxonomy":"product_tag","embeddable":true,"href":"https:\/\/sewingheartdesign.com\/en\/wp-json\/wp\/v2\/product_tag?post=3251"}],"curies":[{"name":"wp","href":"https:\/\/api.w.org\/{rel}","templated":true}]}}