{"id":3239,"date":"2019-05-10T14:34:41","date_gmt":"2019-05-10T12:34:41","guid":{"rendered":"https:\/\/sewingheartdesign.com\/?post_type=product&#038;p=3239"},"modified":"2019-06-29T07:59:58","modified_gmt":"2019-06-29T05:59:58","slug":"eastern-wind","status":"publish","type":"product","link":"https:\/\/sewingheartdesign.com\/en\/product\/eastern-wind\/","title":{"rendered":"Eastern Wind"},"content":{"rendered":"<p><span style=\"font-weight: 400;\"><b>Kimono\/morgonrock\/tunika. Damstorlek XS &#8211; 4XL.<\/b><\/span><\/p>\n<p><i><span style=\"font-weight: 400;\">Snabbsytt och perfekt till vardags eller fest beroende p\u00e5 tygval och vad man matchar med.\u00a0<\/span><\/i><\/p>\n<p><span style=\"font-weight: 400;\">Det h\u00e4r m\u00f6nstret har m\u00e5nga olika variationsm\u00f6jligheter. Topp, tunika, kl\u00e4nning eller \u00f6ppningsbar kimono\/rock. Kort, 3\/4 \u00e4rm utan mudd eller l\u00e5ng \u00e4rm med\/utan mudd. Med eller utan fickor.\u00a0<\/span><\/p>\n<p>&nbsp;<\/p>\n<p><span style=\"font-weight: 400;\"><strong>Tyg:<\/strong> Sys b\u00e4st av tunt f\u00f6ljsamt tyg tex v\u00e4vd viscose, tunn bomull. Modell med \u00e4rm kan tjockare tyg typ fleece, frott\u00e9 anv\u00e4ndas.<\/span><\/p>\n<p><span style=\"font-weight: 400;\"><strong>L\u00e4ngdanpassning!<\/strong> V\u00e4lj din l\u00e4ngd n\u00e4r du klipper ut delarna, 150-190cm<\/span><\/p>\n<p><span style=\"font-weight: 400;\">Utm\u00e4rkt <strong>f\u00e4rgkodade<\/strong> m\u00f6nster som inneh\u00e5ller b\u00e5de petit och plusstorlekar!<\/span><\/p>\n<p>&nbsp;<\/p>\n<p>Licensm\u00f6nster med r\u00e4tt till kommersiell f\u00f6rs\u00e4ljning av f\u00e4rdig produkt.<\/p>\n<p><em><strong>PDF-m\u00f6nster:<br \/>\n<\/strong>F\u00e5r inte kopieras, s\u00e4ljas eller sk\u00e4nkas bort. Ingen \u00e5ngerr\u00e4tt p\u00e5 digitala produkter.<\/em><em><br \/>\n<\/em>Anv\u00e4nd lager i pdf-l\u00e4saren och skriv endast ut den storlek du vill sy och klipp ut direkt.<\/p>\n","protected":false},"excerpt":{"rendered":"<p><i><span style=\"font-weight: 400;\">Snabbsytt och perfekt till vardags eller fest beroende p\u00e5 tygval och vad man matchar med.\u00a0<\/span><\/i><\/p>\n","protected":false},"featured_media":3552,"template":"","meta":[],"product_cat":[522047950,522047874,522047969,522047967],"product_tag":[522047933,522047936,522047951,522047944,522047934,522047935,522047942],"class_list":{"0":"post-3239","1":"product","2":"type-product","3":"status-publish","4":"has-post-thumbnail","6":"product_cat-monster","7":"product_cat-dammonster","8":"product_cat-damvavt","9":"product_cat-damtop","10":"product_tag-dammonster","11":"product_tag-klanning","12":"product_tag-kofta","13":"product_tag-los-passform","14":"product_tag-troja","15":"product_tag-tunika","16":"product_tag-vavt-tyg","18":"first","19":"instock","20":"taxable","21":"shipping-taxable","22":"purchasable","23":"product-type-variable"},"_links":{"self":[{"href":"https:\/\/sewingheartdesign.com\/en\/wp-json\/wp\/v2\/product\/3239"}],"collection":[{"href":"https:\/\/sewingheartdesign.com\/en\/wp-json\/wp\/v2\/product"}],"about":[{"href":"https:\/\/sewingheartdesign.com\/en\/wp-json\/wp\/v2\/types\/product"}],"wp:featuredmedia":[{"embeddable":true,"href":"https:\/\/sewingheartdesign.com\/en\/wp-json\/wp\/v2\/media\/3552"}],"wp:attachment":[{"href":"https:\/\/sewingheartdesign.com\/en\/wp-json\/wp\/v2\/media?parent=3239"}],"wp:term":[{"taxonomy":"product_cat","embeddable":true,"href":"https:\/\/sewingheartdesign.com\/en\/wp-json\/wp\/v2\/product_cat?post=3239"},{"taxonomy":"product_tag","embeddable":true,"href":"https:\/\/sewingheartdesign.com\/en\/wp-json\/wp\/v2\/product_tag?post=3239"}],"curies":[{"name":"wp","href":"https:\/\/api.w.org\/{rel}","templated":true}]}}