{"id":3211,"date":"2019-05-10T10:07:19","date_gmt":"2019-05-10T08:07:19","guid":{"rendered":"https:\/\/sewingheartdesign.com\/?post_type=product&#038;p=3211"},"modified":"2019-06-29T08:01:08","modified_gmt":"2019-06-29T06:01:08","slug":"flirt-with-me","status":"publish","type":"product","link":"https:\/\/sewingheartdesign.com\/en\/produkt\/flirt-with-me\/","title":{"rendered":"Flirt With Me"},"content":{"rendered":"<p><span style=\"font-weight: 400;\"><b>Topp\/Tunika. Damstorlek 32 &#8211; 60<\/b><\/span><\/p>\n<p><i><span style=\"font-weight: 400;\">J\u00e4ttebra m\u00f6nster! Allt fr\u00e5n enkel vardagstopp till fin tunika. Rymlig \u00f6ver mage och h\u00f6fter.<\/span><\/i><\/p>\n<p><span style=\"font-weight: 400;\">Det h\u00e4r m\u00f6nstret passar b\u00e4st f\u00f6r stretchiga tyger med fint fall tex viscosetrik\u00e5 och har ett antal olika variationsm\u00f6jligheter. Topp eller tunika m\/u fickor. Tv\u00e5 korta \u00e4rmar, 3\/4 \u00e4rm, l\u00e5ng \u00e4rm med\/utan mudd. Tre urringningar varav tv\u00e5 med krage. Modellen \u00e4r ledigt rymlig.\u00a0<\/span><\/p>\n<p>&nbsp;<\/p>\n<p><span style=\"font-weight: 400;\"><strong>Tyg:<\/strong> Trik\u00e5\/jersey, viscosetrik\u00e5.<\/span><\/p>\n<p><span style=\"font-weight: 400;\"><strong>L\u00e4ngdanpassning!<\/strong> V\u00e4lj din l\u00e4ngd n\u00e4r du klipper ut delarna, 150-190cm<\/span><\/p>\n<p><span style=\"font-weight: 400;\">Utm\u00e4rkt <strong>f\u00e4rgkodade<\/strong> m\u00f6nster som inneh\u00e5ller b\u00e5de petit och plusstorlekar!<\/span><\/p>\n<p>&nbsp;<\/p>\n<p>Licensm\u00f6nster med r\u00e4tt till kommersiell f\u00f6rs\u00e4ljning av f\u00e4rdig produkt.<\/p>\n<p><em><strong>PDF-m\u00f6nster:<br \/>\n<\/strong>F\u00e5r inte kopieras, s\u00e4ljas eller sk\u00e4nkas bort. Ingen \u00e5ngerr\u00e4tt p\u00e5 digitala produkter.<\/em><em><br \/>\n<\/em>Anv\u00e4nd lager i pdf-l\u00e4saren och skriv endast ut den storlek du vill sy och klipp ut direkt.<\/p>\n","protected":false},"excerpt":{"rendered":"<p><i><span style=\"font-weight: 400;\">J\u00e4ttebra m\u00f6nster! Allt fr\u00e5n enkel vardagstopp till fin tunika. Rymlig \u00f6ver mage och h\u00f6fter.<\/span><\/i><\/p>\n","protected":false},"featured_media":3513,"template":"","meta":[],"product_cat":[522047950,522047874,522047970,522047967],"product_tag":[522047933,522047938,522047944,522047934,522047935],"class_list":{"0":"post-3211","1":"product","2":"type-product","3":"status-publish","4":"has-post-thumbnail","6":"product_cat-monster","7":"product_cat-dammonster","8":"product_cat-gravid","9":"product_cat-damtop","10":"product_tag-dammonster","11":"product_tag-gravid","12":"product_tag-los-passform","13":"product_tag-troja","14":"product_tag-tunika","16":"first","17":"instock","18":"taxable","19":"shipping-taxable","20":"purchasable","21":"product-type-variable"},"_links":{"self":[{"href":"https:\/\/sewingheartdesign.com\/en\/wp-json\/wp\/v2\/product\/3211"}],"collection":[{"href":"https:\/\/sewingheartdesign.com\/en\/wp-json\/wp\/v2\/product"}],"about":[{"href":"https:\/\/sewingheartdesign.com\/en\/wp-json\/wp\/v2\/types\/product"}],"wp:featuredmedia":[{"embeddable":true,"href":"https:\/\/sewingheartdesign.com\/en\/wp-json\/wp\/v2\/media\/3513"}],"wp:attachment":[{"href":"https:\/\/sewingheartdesign.com\/en\/wp-json\/wp\/v2\/media?parent=3211"}],"wp:term":[{"taxonomy":"product_cat","embeddable":true,"href":"https:\/\/sewingheartdesign.com\/en\/wp-json\/wp\/v2\/product_cat?post=3211"},{"taxonomy":"product_tag","embeddable":true,"href":"https:\/\/sewingheartdesign.com\/en\/wp-json\/wp\/v2\/product_tag?post=3211"}],"curies":[{"name":"wp","href":"https:\/\/api.w.org\/{rel}","templated":true}]}}